{"id":182,"date":"2019-07-17T16:19:56","date_gmt":"2019-07-17T14:19:56","guid":{"rendered":"http:\/\/www.institutafriquemonde.org\/?page_id=182"},"modified":"2021-01-18T13:57:56","modified_gmt":"2021-01-18T12:57:56","slug":"bibliotheque-africaine","status":"publish","type":"page","link":"https:\/\/www.institutafriquemonde.org\/index.php\/etudes\/bibliotheque-africaine\/","title":{"rendered":"Biblioth\u00e8que Africaine"},"content":{"rendered":"<p><strong>Par Emile MOSELLY BATAMACK<\/strong><\/p>\n<p>Dans un monde intellectuel-globalis\u00e9 o\u00f9 la qu\u00eate de soi recouvre d\u00e9sormais la quasi-totalit\u00e9 des domaines de la vie comme la politique, la vie sociale, culturelle, \u00e9conomique et religieuse&nbsp;; la n\u00e9cessit\u00e9 d\u2019explorer, d\u2019analyser le r\u00e9el au Sud de la plan\u00e8te, implique de faire un \u00e9tat des lieux sur le pass\u00e9, le futur et le pr\u00e9sent depuis l\u2019irruption de la civilisation africaine dans le paysage intellectuel.<\/p>\n<p>D\u00e8s lors, il incombe particuli\u00e8rement aux intellectuels Africains et sa diaspora de cr\u00e9er les conditions de libre acc\u00e8s \u00e0 la connaissance des \u0153uvres qui ont forg\u00e9s les consciences, marqu\u00e9s les d\u00e9bats intellectuels depuis le si\u00e8cle dernier; et de nos jours celles qui inspirent la recherche et le nouvel esprit critique sur le continent. Dans un d\u00e9sir de comprendre, de se forger des instruments et des objets nouveaux capables de rendre intelligibles une contemporan\u00e9it\u00e9 d\u2019un monde o\u00f9 nous dit-on la fuite des cerveaux va du Sud au Nord, alors que les richesses sont au Sud et les riches au Nord&nbsp;; l\u2019anomie dans les \u00ab&nbsp;post-colonies&nbsp;\u00bb et l\u2019organisation dans les m\u00e9tropoles.<\/p>\n<p>D\u2019o\u00f9 cette collecte des bibliographies s\u00e9lectives d\u2019\u0153uvres litt\u00e9raires et scientifiques produites sur continent comme plateforme documentaire fondamentale mise \u00e0 la disposition d\u2019\u00e9tudiants, chercheurs et citoyens de l\u2019Afrique sub-saharienne et ceux du monde en g\u00e9n\u00e9ral.<\/p>\n<p>Partant d\u2019un choix rigoureux, cette collecte des bibliographies est une recension de&nbsp;<strong>Textes fondamentaux<\/strong>, de&nbsp;<strong>Monographies g\u00e9n\u00e9rales<\/strong>, d\u2019ouvrages sur les&nbsp;<strong>Probl\u00e8mes m\u00e9thodologiques<\/strong>&nbsp;et enfin les&nbsp;<strong>Revues<\/strong>.<\/p>\n<p>(<em>Cliquez sur un lien pour ouvrir la bibliographie th\u00e9matique associ\u00e9e en format PDF<\/em>)<\/p>\n<ol>\n<li><a href=\"https:\/\/www.institutafriquemonde.org\/docs\/Arts%20Plastiques,%20Arts%20Graphiques%20&amp;%20Architecture.pdf\" target=\"_blank\" rel=\"noopener noreferrer\" data-slimstat=\"3\">ARTS PLASTIQUES, ARTS GRAPHIQUES ET ARCHITECTURE<\/a><\/li>\n<li><a href=\"https:\/\/www.institutafriquemonde.org\/docs\/BGA%20arts%20du%20spectacle.pdf\" target=\"_blank\" rel=\"noopener noreferrer\" data-slimstat=\"3\">ARTS DU SPECTACLE<\/a><\/li>\n<li><a href=\"https:\/\/www.institutafriquemonde.org\/docs\/BGA%20litterature%20africaine.pdf\" target=\"_blank\" rel=\"noopener noreferrer\" data-slimstat=\"3\">LITT\u00c9RATURE AFRICAINE<\/a><\/li>\n<li><a href=\"https:\/\/www.institutafriquemonde.org\/docs\/BGA%20musique%20et%20Musicologie.pdf\" target=\"_blank\" rel=\"noopener noreferrer\" data-slimstat=\"3\">MUSIQUE ET MUSICOLOGIE<\/a><\/li>\n<li><a href=\"https:\/\/www.institutafriquemonde.org\/docs\/BGA%20philosophie.pdf\" target=\"_blank\" rel=\"noopener noreferrer\" data-slimstat=\"3\">PHILOSOPHIE<\/a><\/li>\n<li><a href=\"https:\/\/www.institutafriquemonde.org\/docs\/BGA%20sciences%20m%C3%A9dicales.pdf\" target=\"_blank\" rel=\"noopener noreferrer\" data-slimstat=\"3\">SCIENCES M\u00c9DICALES<\/a><\/li>\n<li><a href=\"https:\/\/www.institutafriquemonde.org\/docs\/Biologie,%20%C3%89cologie,%20G%C3%A9ologie,%20Environnement.pdf\" target=\"_blank\" rel=\"noopener noreferrer\" data-slimstat=\"3\">BIOLOGIE, ECOLOGIE, G\u00c9OLOGIE &amp; ENVIRONNEMENT<\/a><\/li>\n<li><a href=\"https:\/\/www.institutafriquemonde.org\/docs\/Droit,%20Sciences%20Politiques%20&amp;%20G%C3%A9opolitique.pdf\" target=\"_blank\" rel=\"noopener noreferrer\" data-slimstat=\"3\">DROIT, SCIENCE POLITIQUE ET G\u00c9OPOLITIQUE<\/a><\/li>\n<li><a href=\"https:\/\/www.institutafriquemonde.org\/docs\/Economie%20&amp;%20Finances.pdf\" target=\"_blank\" rel=\"noopener noreferrer\" data-slimstat=\"3\">ECONOMIE ET FINANCE<\/a><\/li>\n<li><a href=\"\/\/www.institutafriquemonde.org\/docs\/Histoire,%20G%C3%A9ographie,%20Arch%C3%A9ologie%20&amp;%20Egyptologie.pdf\" target=\"_blank\" rel=\"noopener noreferrer\" data-slimstat=\"3\">HISTOIRE, G\u00c9OGRAPHIE, ARCH\u00c9OLOGIE ET \u00c9GYPTOLOGIE<\/a><\/li>\n<li><a href=\"https:\/\/www.institutafriquemonde.org\/docs\/Sociologie,%20Ethnologie,%20Anthropologie%20&amp;%20Religions%20africaines.pdf\" target=\"_blank\" rel=\"noopener noreferrer\" data-slimstat=\"3\">SOCIOLOGIE, ETHNOLOGIE, ANTHROPOLOGIE ET RELIGIONS AFRICAINES<\/a><\/li>\n<\/ol>\n","protected":false},"excerpt":{"rendered":"<p>Par Emile MOSELLY BATAMACK Dans un monde intellectuel-globalis\u00e9 o\u00f9 la qu\u00eate de soi recouvre d\u00e9sormais la quasi-totalit\u00e9 des domaines de la vie comme la politique, la vie sociale, culturelle, \u00e9conomique et religieuse&nbsp;; la n\u00e9cessit\u00e9 d\u2019explorer, d\u2019analyser le r\u00e9el au Sud de la plan\u00e8te, implique de faire un \u00e9tat des lieux sur le pass\u00e9, le futur [&hellip;]<\/p>\n","protected":false},"author":1,"featured_media":233,"parent":172,"menu_order":0,"comment_status":"closed","ping_status":"closed","template":"","meta":{"ngg_post_thumbnail":0,"footnotes":""},"class_list":["post-182","page","type-page","status-publish","has-post-thumbnail","hentry","post"],"yoast_head":"<!-- This site is optimized with the Yoast SEO plugin v26.1.1 - https:\/\/yoast.com\/wordpress\/plugins\/seo\/ -->\n<title>Biblioth\u00e8que Africaine - Institut Afrique Monde<\/title>\n<meta name=\"description\" content=\"Biblioth\u00e8que avec plusieurs ouvrages, consacr\u00e9e \u00e0 l&#039;Afrique\" \/>\n<meta name=\"robots\" content=\"index, follow, max-snippet:-1, max-image-preview:large, max-video-preview:-1\" \/>\n<link rel=\"canonical\" href=\"https:\/\/www.institutafriquemonde.org\/index.php\/etudes\/bibliotheque-africaine\/\" \/>\n<meta property=\"og:locale\" content=\"fr_FR\" \/>\n<meta property=\"og:type\" content=\"article\" \/>\n<meta property=\"og:title\" content=\"Biblioth\u00e8que Africaine - Institut Afrique Monde\" \/>\n<meta property=\"og:description\" content=\"Biblioth\u00e8que avec plusieurs ouvrages, consacr\u00e9e \u00e0 l&#039;Afrique\" \/>\n<meta property=\"og:url\" content=\"https:\/\/www.institutafriquemonde.org\/index.php\/etudes\/bibliotheque-africaine\/\" \/>\n<meta property=\"og:site_name\" content=\"Institut Afrique Monde\" \/>\n<meta property=\"article:modified_time\" content=\"2021-01-18T12:57:56+00:00\" \/>\n<meta property=\"og:image\" content=\"https:\/\/www.institutafriquemonde.org\/wp-content\/uploads\/2019\/09\/tablet-1632909_960_720.jpg\" \/>\n\t<meta property=\"og:image:width\" content=\"960\" \/>\n\t<meta property=\"og:image:height\" content=\"637\" \/>\n\t<meta property=\"og:image:type\" content=\"image\/jpeg\" \/>\n<meta name=\"twitter:card\" content=\"summary_large_image\" \/>\n<meta name=\"twitter:label1\" content=\"Dur\u00e9e de lecture estim\u00e9e\" \/>\n\t<meta name=\"twitter:data1\" content=\"2 minutes\" \/>\n<script type=\"application\/ld+json\" class=\"yoast-schema-graph\">{\"@context\":\"https:\/\/schema.org\",\"@graph\":[{\"@type\":\"WebPage\",\"@id\":\"https:\/\/www.institutafriquemonde.org\/index.php\/etudes\/bibliotheque-africaine\/\",\"url\":\"https:\/\/www.institutafriquemonde.org\/index.php\/etudes\/bibliotheque-africaine\/\",\"name\":\"Biblioth\u00e8que Africaine - Institut Afrique Monde\",\"isPartOf\":{\"@id\":\"https:\/\/www.institutafriquemonde.org\/#website\"},\"primaryImageOfPage\":{\"@id\":\"https:\/\/www.institutafriquemonde.org\/index.php\/etudes\/bibliotheque-africaine\/#primaryimage\"},\"image\":{\"@id\":\"https:\/\/www.institutafriquemonde.org\/index.php\/etudes\/bibliotheque-africaine\/#primaryimage\"},\"thumbnailUrl\":\"https:\/\/www.institutafriquemonde.org\/wp-content\/uploads\/2019\/09\/tablet-1632909_960_720.jpg\",\"datePublished\":\"2019-07-17T14:19:56+00:00\",\"dateModified\":\"2021-01-18T12:57:56+00:00\",\"description\":\"Biblioth\u00e8que avec plusieurs ouvrages, consacr\u00e9e \u00e0 l'Afrique\",\"breadcrumb\":{\"@id\":\"https:\/\/www.institutafriquemonde.org\/index.php\/etudes\/bibliotheque-africaine\/#breadcrumb\"},\"inLanguage\":\"fr-FR\",\"potentialAction\":[{\"@type\":\"ReadAction\",\"target\":[\"https:\/\/www.institutafriquemonde.org\/index.php\/etudes\/bibliotheque-africaine\/\"]}]},{\"@type\":\"ImageObject\",\"inLanguage\":\"fr-FR\",\"@id\":\"https:\/\/www.institutafriquemonde.org\/index.php\/etudes\/bibliotheque-africaine\/#primaryimage\",\"url\":\"https:\/\/www.institutafriquemonde.org\/wp-content\/uploads\/2019\/09\/tablet-1632909_960_720.jpg\",\"contentUrl\":\"https:\/\/www.institutafriquemonde.org\/wp-content\/uploads\/2019\/09\/tablet-1632909_960_720.jpg\",\"width\":960,\"height\":637},{\"@type\":\"BreadcrumbList\",\"@id\":\"https:\/\/www.institutafriquemonde.org\/index.php\/etudes\/bibliotheque-africaine\/#breadcrumb\",\"itemListElement\":[{\"@type\":\"ListItem\",\"position\":1,\"name\":\"Accueil\",\"item\":\"https:\/\/www.institutafriquemonde.org\/\"},{\"@type\":\"ListItem\",\"position\":2,\"name\":\"\u00c9tudes\",\"item\":\"https:\/\/www.institutafriquemonde.org\/index.php\/etudes\/\"},{\"@type\":\"ListItem\",\"position\":3,\"name\":\"Biblioth\u00e8que Africaine\"}]},{\"@type\":\"WebSite\",\"@id\":\"https:\/\/www.institutafriquemonde.org\/#website\",\"url\":\"https:\/\/www.institutafriquemonde.org\/\",\"name\":\"Institut Afrique Monde\",\"description\":\"&quot;L&#039;audace, unique d\u00e9fi pour une Afrique nouvelle&quot;\",\"publisher\":{\"@id\":\"https:\/\/www.institutafriquemonde.org\/#organization\"},\"potentialAction\":[{\"@type\":\"SearchAction\",\"target\":{\"@type\":\"EntryPoint\",\"urlTemplate\":\"https:\/\/www.institutafriquemonde.org\/?s={search_term_string}\"},\"query-input\":{\"@type\":\"PropertyValueSpecification\",\"valueRequired\":true,\"valueName\":\"search_term_string\"}}],\"inLanguage\":\"fr-FR\"},{\"@type\":\"Organization\",\"@id\":\"https:\/\/www.institutafriquemonde.org\/#organization\",\"name\":\"Institut Afrique Monde\",\"url\":\"https:\/\/www.institutafriquemonde.org\/\",\"logo\":{\"@type\":\"ImageObject\",\"inLanguage\":\"fr-FR\",\"@id\":\"https:\/\/www.institutafriquemonde.org\/#\/schema\/logo\/image\/\",\"url\":\"https:\/\/www.institutafriquemonde.org\/wp-content\/uploads\/2019\/09\/LogoIAM_225x140.png\",\"contentUrl\":\"https:\/\/www.institutafriquemonde.org\/wp-content\/uploads\/2019\/09\/LogoIAM_225x140.png\",\"width\":204,\"height\":140,\"caption\":\"Institut Afrique Monde\"},\"image\":{\"@id\":\"https:\/\/www.institutafriquemonde.org\/#\/schema\/logo\/image\/\"}}]}<\/script>\n<!-- \/ Yoast SEO plugin. -->","yoast_head_json":{"title":"Biblioth\u00e8que Africaine - Institut Afrique Monde","description":"Biblioth\u00e8que avec plusieurs ouvrages, consacr\u00e9e \u00e0 l'Afrique","robots":{"index":"index","follow":"follow","max-snippet":"max-snippet:-1","max-image-preview":"max-image-preview:large","max-video-preview":"max-video-preview:-1"},"canonical":"https:\/\/www.institutafriquemonde.org\/index.php\/etudes\/bibliotheque-africaine\/","og_locale":"fr_FR","og_type":"article","og_title":"Biblioth\u00e8que Africaine - Institut Afrique Monde","og_description":"Biblioth\u00e8que avec plusieurs ouvrages, consacr\u00e9e \u00e0 l'Afrique","og_url":"https:\/\/www.institutafriquemonde.org\/index.php\/etudes\/bibliotheque-africaine\/","og_site_name":"Institut Afrique Monde","article_modified_time":"2021-01-18T12:57:56+00:00","og_image":[{"width":960,"height":637,"url":"https:\/\/www.institutafriquemonde.org\/wp-content\/uploads\/2019\/09\/tablet-1632909_960_720.jpg","type":"image\/jpeg"}],"twitter_card":"summary_large_image","twitter_misc":{"Dur\u00e9e de lecture estim\u00e9e":"2 minutes"},"schema":{"@context":"https:\/\/schema.org","@graph":[{"@type":"WebPage","@id":"https:\/\/www.institutafriquemonde.org\/index.php\/etudes\/bibliotheque-africaine\/","url":"https:\/\/www.institutafriquemonde.org\/index.php\/etudes\/bibliotheque-africaine\/","name":"Biblioth\u00e8que Africaine - Institut Afrique Monde","isPartOf":{"@id":"https:\/\/www.institutafriquemonde.org\/#website"},"primaryImageOfPage":{"@id":"https:\/\/www.institutafriquemonde.org\/index.php\/etudes\/bibliotheque-africaine\/#primaryimage"},"image":{"@id":"https:\/\/www.institutafriquemonde.org\/index.php\/etudes\/bibliotheque-africaine\/#primaryimage"},"thumbnailUrl":"https:\/\/www.institutafriquemonde.org\/wp-content\/uploads\/2019\/09\/tablet-1632909_960_720.jpg","datePublished":"2019-07-17T14:19:56+00:00","dateModified":"2021-01-18T12:57:56+00:00","description":"Biblioth\u00e8que avec plusieurs ouvrages, consacr\u00e9e \u00e0 l'Afrique","breadcrumb":{"@id":"https:\/\/www.institutafriquemonde.org\/index.php\/etudes\/bibliotheque-africaine\/#breadcrumb"},"inLanguage":"fr-FR","potentialAction":[{"@type":"ReadAction","target":["https:\/\/www.institutafriquemonde.org\/index.php\/etudes\/bibliotheque-africaine\/"]}]},{"@type":"ImageObject","inLanguage":"fr-FR","@id":"https:\/\/www.institutafriquemonde.org\/index.php\/etudes\/bibliotheque-africaine\/#primaryimage","url":"https:\/\/www.institutafriquemonde.org\/wp-content\/uploads\/2019\/09\/tablet-1632909_960_720.jpg","contentUrl":"https:\/\/www.institutafriquemonde.org\/wp-content\/uploads\/2019\/09\/tablet-1632909_960_720.jpg","width":960,"height":637},{"@type":"BreadcrumbList","@id":"https:\/\/www.institutafriquemonde.org\/index.php\/etudes\/bibliotheque-africaine\/#breadcrumb","itemListElement":[{"@type":"ListItem","position":1,"name":"Accueil","item":"https:\/\/www.institutafriquemonde.org\/"},{"@type":"ListItem","position":2,"name":"\u00c9tudes","item":"https:\/\/www.institutafriquemonde.org\/index.php\/etudes\/"},{"@type":"ListItem","position":3,"name":"Biblioth\u00e8que Africaine"}]},{"@type":"WebSite","@id":"https:\/\/www.institutafriquemonde.org\/#website","url":"https:\/\/www.institutafriquemonde.org\/","name":"Institut Afrique Monde","description":"&quot;L&#039;audace, unique d\u00e9fi pour une Afrique nouvelle&quot;","publisher":{"@id":"https:\/\/www.institutafriquemonde.org\/#organization"},"potentialAction":[{"@type":"SearchAction","target":{"@type":"EntryPoint","urlTemplate":"https:\/\/www.institutafriquemonde.org\/?s={search_term_string}"},"query-input":{"@type":"PropertyValueSpecification","valueRequired":true,"valueName":"search_term_string"}}],"inLanguage":"fr-FR"},{"@type":"Organization","@id":"https:\/\/www.institutafriquemonde.org\/#organization","name":"Institut Afrique Monde","url":"https:\/\/www.institutafriquemonde.org\/","logo":{"@type":"ImageObject","inLanguage":"fr-FR","@id":"https:\/\/www.institutafriquemonde.org\/#\/schema\/logo\/image\/","url":"https:\/\/www.institutafriquemonde.org\/wp-content\/uploads\/2019\/09\/LogoIAM_225x140.png","contentUrl":"https:\/\/www.institutafriquemonde.org\/wp-content\/uploads\/2019\/09\/LogoIAM_225x140.png","width":204,"height":140,"caption":"Institut Afrique Monde"},"image":{"@id":"https:\/\/www.institutafriquemonde.org\/#\/schema\/logo\/image\/"}}]}},"_links":{"self":[{"href":"https:\/\/www.institutafriquemonde.org\/index.php\/wp-json\/wp\/v2\/pages\/182","targetHints":{"allow":["GET"]}}],"collection":[{"href":"https:\/\/www.institutafriquemonde.org\/index.php\/wp-json\/wp\/v2\/pages"}],"about":[{"href":"https:\/\/www.institutafriquemonde.org\/index.php\/wp-json\/wp\/v2\/types\/page"}],"author":[{"embeddable":true,"href":"https:\/\/www.institutafriquemonde.org\/index.php\/wp-json\/wp\/v2\/users\/1"}],"replies":[{"embeddable":true,"href":"https:\/\/www.institutafriquemonde.org\/index.php\/wp-json\/wp\/v2\/comments?post=182"}],"version-history":[{"count":5,"href":"https:\/\/www.institutafriquemonde.org\/index.php\/wp-json\/wp\/v2\/pages\/182\/revisions"}],"predecessor-version":[{"id":1665,"href":"https:\/\/www.institutafriquemonde.org\/index.php\/wp-json\/wp\/v2\/pages\/182\/revisions\/1665"}],"up":[{"embeddable":true,"href":"https:\/\/www.institutafriquemonde.org\/index.php\/wp-json\/wp\/v2\/pages\/172"}],"wp:featuredmedia":[{"embeddable":true,"href":"https:\/\/www.institutafriquemonde.org\/index.php\/wp-json\/wp\/v2\/media\/233"}],"wp:attachment":[{"href":"https:\/\/www.institutafriquemonde.org\/index.php\/wp-json\/wp\/v2\/media?parent=182"}],"curies":[{"name":"wp","href":"https:\/\/api.w.org\/{rel}","templated":true}]}}