{"id":184,"date":"2019-07-17T16:23:39","date_gmt":"2019-07-17T14:23:39","guid":{"rendered":"http:\/\/www.institutafriquemonde.org\/?page_id=184"},"modified":"2019-09-22T23:17:46","modified_gmt":"2019-09-22T21:17:46","slug":"dialogue-interreligieux-en-afrique-de-louest","status":"publish","type":"page","link":"https:\/\/www.institutafriquemonde.org\/index.php\/etudes\/dialogue-interreligieux-en-afrique-de-louest\/","title":{"rendered":"Dialogue Interreligieux en Afrique de l&rsquo;Ouest"},"content":{"rendered":"<h2 class=\"Standard\" style=\"text-align: left;\" align=\"center\">Contribution du dialogue interreligieux \u00e0 la pacification en Afrique de l\u2019Ouest.<\/h2>\n<p class=\"Standard\" style=\"text-align: left;\" align=\"center\"><strong>C\u00f4te d\u2019Ivoire, S\u00e9n\u00e9gal, B\u00e9nin<\/strong><\/p>\n<p class=\"Standard\" style=\"text-align: left;\" align=\"center\"><strong>Etude r\u00e9alis\u00e9e par Camille KUYU, Nicolas&nbsp;KLINGELSCHMITT &amp; Emile MOSELLY BATAMACK<\/strong><\/p>\n<p>Le dialogue inter-religieux n\u2019est pas seulement un dialogue entre les religions et\/ou leurs sp\u00e9cialistes. En fait ce sont toujours des hommes qui dialoguent, non des institutions. C\u2019est pourquoi il convient de distinguer entre diff\u00e9rents niveaux de dialogue, notamment celui des leaders religieux, celui des sp\u00e9cialistes, et le dialogue au quotidien. Le dialogue inter-religieux peut-\u00eatre un dialogue entre th\u00e9ologiens ou entre responsables religieux, repr\u00e9sentant leurs religions respectives. Les participants \u00e0 ce type de dialogue cherchent \u00e0 aboutir \u00e0 des prises de position communes face \u00e0 des \u00e9v\u00e9nements ou des situations particuli\u00e8res ou encore sur des th\u00e8mes et des questions qu\u2019ils ont en commun.<\/p>\n<p>Le but que les participants d\u00e9sirent atteindre est la fin de la violence entre les croyants de diverses religions. Ils sont convaincus que toute religion aspire \u00e0 la paix, et que la violence va \u00e0 l\u2019encontre de l\u2019essence m\u00eame de leur foi. Ils ont ainsi un terrain d\u2019entente qui rend le dialogue fructueux.<\/p>\n<p>Ces rencontres sont aussi un moyen pour chercher \u00e0 gu\u00e9rir les blessures du pass\u00e9 et relire l\u2019histoire de fa\u00e7on dynamique.Par ailleurs,de nombreux s\u00e9minaires et colloques sont organis\u00e9s sur le dialogue inter-religieux. Les participants \u00e0 ce type de dialogue sont le plus souvent de formation universitaire et parlent en connaissance de cause. Ils ne repr\u00e9sentent pas pour autant les points de vue officiels des communaut\u00e9s ou \u00c9glises auxquelles ils appartiennent. Ce sont g\u00e9n\u00e9ralement des rencontres inter-religieuses qui se font entre personnes dites \u00ab intellectuelles \u00bb et donc capables d\u2019une \u00e9tude objective des faits et des traditions.<\/p>\n<p>Enfin, il y a le dialogue au quotidien des hommes et des femmes dans leur vie de tous les jours. Il n\u2019est pas fr\u00e9quent qu\u2019ils soul\u00e8vent des questions proprement religieuses. Ils communiquent plut\u00f4t sur les faits de la vie quotidienne. Ce qui est recherch\u00e9 dans ce type de dialogue c\u2019est la connaissance de l\u2019autre, non pas pour le convertir, mais pour s\u2019enrichir de son exp\u00e9rience spirituelle. Le v\u00e9ritable dialogue ne cherche pas \u00e0 imposer un point de vue, mais \u00e0 d\u00e9couvrir les valeurs positives pr\u00e9sentes dans la conviction de l\u2019autre. Ce qui est recherch\u00e9 positivement est de cr\u00e9er des projets communs favorisant une intense collaboration. Le partage de soucis ou l\u2019action entreprise ensemble favorisent un climat de coexistence pacifique.<\/p>\n<p>L\u2019objectif principal de cette \u00e9tude, command\u00e9e par l\u2019Association des Amis de Master Chin Kung, consiste \u00e0 identifier et \u00e0 \u00e9valuer les diff\u00e9rentes initiatives de dialogues inter-religieux pass\u00e9es ou en cours en Afrique de l\u2019Ouest, pr\u00e9cis\u00e9ment en C\u00f4te d\u2019Ivoire, au S\u00e9n\u00e9gal et au B\u00e9nin, dans une perspective de les renforcer en efficacit\u00e9 et en coh\u00e9rence.Les trois pays ont chacun des sp\u00e9cificit\u00e9s. Mais, ils ont en commun le fait d\u2019avoir connu, chacun \u00e0 sa mani\u00e8re, de graves crises sociopolitiques qui ont d\u00e9bouch\u00e9 sur des guerres (C\u00f4te d\u2019Ivoire, S\u00e9n\u00e9gal), ou des coups d\u2019Etat (B\u00e9nin), ou encore sur des violences communautaires (C\u00f4te d\u2019Ivoire). Des leaders religieux ont jou\u00e9 un r\u00f4le de premier plan pour le d\u00e9nouement de ces crises, notamment lorsque l\u2019instrumentalisation des religions \u00e0 des fins politiques entra\u00eene des violences communautaires.<\/p>\n<p>Aujourd\u2019hui, les trois pays connaissent un climat apais\u00e9, et sont sur la voie de la stabilit\u00e9 \u00e9conomique et politique. Mais cela ne devrait pas occulter le fait qu\u2019ils sont, comme la quasi-totalit\u00e9 des pays de l\u2019Afrique de l\u2019Ouest, sous la menace des extr\u00e9mistes islamistes. La C\u00f4te d\u2019Ivoire a \u00e9t\u00e9 secou\u00e9e par des attaques terroristes en 2016. Le S\u00e9n\u00e9gal est r\u00e9put\u00e9 pour sa tol\u00e9rance. Mais, des salafistes y sont de plus en plus pr\u00e9sents, notamment dans des zones p\u00e9riph\u00e9riques du pays, totalement d\u00e9laiss\u00e9es par l\u2019Etat et o\u00f9 les confr\u00e9ries sont peu ins\u00e9r\u00e9es. Fort heureusement, les confr\u00e9ries soufies<a href=\"https:\/\/d.docs.live.net\/95af7910ca3026d4\/Etude%20Dialogue%20Interreligieux\/IAM%20-%20Etude%20Mediation%20des%20conflits%20et%20pacification.docx#_ftn1\" name=\"_ftnref1\">[1]<\/a>&nbsp;font rempart contre les attaques terroristes. Aux portes du B\u00e9nin, vers la fronti\u00e8re nig\u00e9riane, les menaces de&nbsp;<em>Boko Haram<\/em> sont r\u00e9elles bien que ma\u00eetris\u00e9es jusqu\u2019\u00e0 pr\u00e9sent.<\/p>\n<p>C\u2019est dans ces contextes de relative stabilit\u00e9 et de menaces terroristes que des initiatives de pr\u00e9vention de conflits, de maintien de la paix ou encore de consolidation de la paix se multiplient. Ces initiatives, grandes ou petites, sont l\u2019\u0153uvre des institutions \u00e9tatiques, des communaut\u00e9s religieuses, des autorit\u00e9s locales, des organisations de la soci\u00e9t\u00e9 civile ou des individus. Elles mettent en \u00e9vidence la n\u00e9cessit\u00e9 de dialoguer pour b\u00e2tir la paix. Quelle est la pertinence du dialogue inter-religieux comme mode de pr\u00e9vention et de r\u00e9gulation des conflits ? Quels sont les impacts des initiatives et exp\u00e9riences de dialogue inter-religieux observ\u00e9es en C\u00f4te d\u2019Ivoire, au S\u00e9n\u00e9gal et au B\u00e9nin ? Quelle est la viabilit\u00e9 de ces initiatives ? Quel a \u00e9t\u00e9 le r\u00f4le des leaders religieux dans le d\u00e9nouement de certaines crises ? Quelles bonnes pratiques retenir en vue d\u2019\u00e9ventuelles transpositions dans d\u2019autres r\u00e9gions d\u2019Afrique ou du monde ? Toutes ces questions sont au c\u0153ur de cette \u00e9tude.<\/p>\n<p>Le pr\u00e9sent rapport comporte trois parties. La premi\u00e8re porte sur le dialogue inter-religieux en C\u00f4te d\u2019Ivoire. Les deux parties suivantes sont consacr\u00e9es \u00e0 la m\u00eame probl\u00e9matique respectivement au S\u00e9n\u00e9gal et au B\u00e9nin.<\/p>\n<p><a href=\"https:\/\/www.institutafriquemonde.org\/docs\/IAM%20-%20Etude%20Mediation%20des%20conflits%20et%20pacification.pdf\" target=\"_blank\" rel=\"noopener noreferrer\">Rapport d&rsquo;\u00e9tude complet<\/a><\/p>\n","protected":false},"excerpt":{"rendered":"<p>Contribution du dialogue interreligieux \u00e0 la pacification en Afrique de l\u2019Ouest. C\u00f4te d\u2019Ivoire, S\u00e9n\u00e9gal, B\u00e9nin Etude r\u00e9alis\u00e9e par Camille KUYU, Nicolas&nbsp;KLINGELSCHMITT &amp; Emile MOSELLY BATAMACK Le dialogue inter-religieux n\u2019est pas seulement un dialogue entre les religions et\/ou leurs sp\u00e9cialistes. En fait ce sont toujours des hommes qui dialoguent, non des institutions. C\u2019est pourquoi il convient [&hellip;]<\/p>\n","protected":false},"author":1,"featured_media":231,"parent":172,"menu_order":0,"comment_status":"closed","ping_status":"closed","template":"","meta":{"ngg_post_thumbnail":0,"footnotes":""},"class_list":["post-184","page","type-page","status-publish","has-post-thumbnail","hentry","post"],"yoast_head":"<!-- This site is optimized with the Yoast SEO plugin v26.1.1 - https:\/\/yoast.com\/wordpress\/plugins\/seo\/ -->\n<title>Dialogue Interreligieux en Afrique de l&#039;Ouest - Institut Afrique Monde<\/title>\n<meta name=\"robots\" content=\"index, follow, max-snippet:-1, max-image-preview:large, max-video-preview:-1\" \/>\n<link rel=\"canonical\" href=\"https:\/\/www.institutafriquemonde.org\/index.php\/etudes\/dialogue-interreligieux-en-afrique-de-louest\/\" \/>\n<meta property=\"og:locale\" content=\"fr_FR\" \/>\n<meta property=\"og:type\" content=\"article\" \/>\n<meta property=\"og:title\" content=\"Dialogue Interreligieux en Afrique de l&#039;Ouest - Institut Afrique Monde\" \/>\n<meta property=\"og:description\" content=\"Contribution du dialogue interreligieux \u00e0 la pacification en Afrique de l\u2019Ouest. C\u00f4te d\u2019Ivoire, S\u00e9n\u00e9gal, B\u00e9nin Etude r\u00e9alis\u00e9e par Camille KUYU, Nicolas&nbsp;KLINGELSCHMITT &amp; Emile MOSELLY BATAMACK Le dialogue inter-religieux n\u2019est pas seulement un dialogue entre les religions et\/ou leurs sp\u00e9cialistes. En fait ce sont toujours des hommes qui dialoguent, non des institutions. C\u2019est pourquoi il convient [&hellip;]\" \/>\n<meta property=\"og:url\" content=\"https:\/\/www.institutafriquemonde.org\/index.php\/etudes\/dialogue-interreligieux-en-afrique-de-louest\/\" \/>\n<meta property=\"og:site_name\" content=\"Institut Afrique Monde\" \/>\n<meta property=\"article:modified_time\" content=\"2019-09-22T21:17:46+00:00\" \/>\n<meta property=\"og:image\" content=\"https:\/\/www.institutafriquemonde.org\/wp-content\/uploads\/2019\/09\/man-3230661_960_720.jpg\" \/>\n\t<meta property=\"og:image:width\" content=\"960\" \/>\n\t<meta property=\"og:image:height\" content=\"640\" \/>\n\t<meta property=\"og:image:type\" content=\"image\/jpeg\" \/>\n<meta name=\"twitter:card\" content=\"summary_large_image\" \/>\n<meta name=\"twitter:label1\" content=\"Dur\u00e9e de lecture estim\u00e9e\" \/>\n\t<meta name=\"twitter:data1\" content=\"5 minutes\" \/>\n<script type=\"application\/ld+json\" class=\"yoast-schema-graph\">{\"@context\":\"https:\/\/schema.org\",\"@graph\":[{\"@type\":\"WebPage\",\"@id\":\"https:\/\/www.institutafriquemonde.org\/index.php\/etudes\/dialogue-interreligieux-en-afrique-de-louest\/\",\"url\":\"https:\/\/www.institutafriquemonde.org\/index.php\/etudes\/dialogue-interreligieux-en-afrique-de-louest\/\",\"name\":\"Dialogue Interreligieux en Afrique de l'Ouest - Institut Afrique Monde\",\"isPartOf\":{\"@id\":\"https:\/\/www.institutafriquemonde.org\/#website\"},\"primaryImageOfPage\":{\"@id\":\"https:\/\/www.institutafriquemonde.org\/index.php\/etudes\/dialogue-interreligieux-en-afrique-de-louest\/#primaryimage\"},\"image\":{\"@id\":\"https:\/\/www.institutafriquemonde.org\/index.php\/etudes\/dialogue-interreligieux-en-afrique-de-louest\/#primaryimage\"},\"thumbnailUrl\":\"https:\/\/www.institutafriquemonde.org\/wp-content\/uploads\/2019\/09\/man-3230661_960_720.jpg\",\"datePublished\":\"2019-07-17T14:23:39+00:00\",\"dateModified\":\"2019-09-22T21:17:46+00:00\",\"breadcrumb\":{\"@id\":\"https:\/\/www.institutafriquemonde.org\/index.php\/etudes\/dialogue-interreligieux-en-afrique-de-louest\/#breadcrumb\"},\"inLanguage\":\"fr-FR\",\"potentialAction\":[{\"@type\":\"ReadAction\",\"target\":[\"https:\/\/www.institutafriquemonde.org\/index.php\/etudes\/dialogue-interreligieux-en-afrique-de-louest\/\"]}]},{\"@type\":\"ImageObject\",\"inLanguage\":\"fr-FR\",\"@id\":\"https:\/\/www.institutafriquemonde.org\/index.php\/etudes\/dialogue-interreligieux-en-afrique-de-louest\/#primaryimage\",\"url\":\"https:\/\/www.institutafriquemonde.org\/wp-content\/uploads\/2019\/09\/man-3230661_960_720.jpg\",\"contentUrl\":\"https:\/\/www.institutafriquemonde.org\/wp-content\/uploads\/2019\/09\/man-3230661_960_720.jpg\",\"width\":960,\"height\":640},{\"@type\":\"BreadcrumbList\",\"@id\":\"https:\/\/www.institutafriquemonde.org\/index.php\/etudes\/dialogue-interreligieux-en-afrique-de-louest\/#breadcrumb\",\"itemListElement\":[{\"@type\":\"ListItem\",\"position\":1,\"name\":\"Accueil\",\"item\":\"https:\/\/www.institutafriquemonde.org\/\"},{\"@type\":\"ListItem\",\"position\":2,\"name\":\"\u00c9tudes\",\"item\":\"https:\/\/www.institutafriquemonde.org\/index.php\/etudes\/\"},{\"@type\":\"ListItem\",\"position\":3,\"name\":\"Dialogue Interreligieux en Afrique de l&rsquo;Ouest\"}]},{\"@type\":\"WebSite\",\"@id\":\"https:\/\/www.institutafriquemonde.org\/#website\",\"url\":\"https:\/\/www.institutafriquemonde.org\/\",\"name\":\"Institut Afrique Monde\",\"description\":\"&quot;L&#039;audace, unique d\u00e9fi pour une Afrique nouvelle&quot;\",\"publisher\":{\"@id\":\"https:\/\/www.institutafriquemonde.org\/#organization\"},\"potentialAction\":[{\"@type\":\"SearchAction\",\"target\":{\"@type\":\"EntryPoint\",\"urlTemplate\":\"https:\/\/www.institutafriquemonde.org\/?s={search_term_string}\"},\"query-input\":{\"@type\":\"PropertyValueSpecification\",\"valueRequired\":true,\"valueName\":\"search_term_string\"}}],\"inLanguage\":\"fr-FR\"},{\"@type\":\"Organization\",\"@id\":\"https:\/\/www.institutafriquemonde.org\/#organization\",\"name\":\"Institut Afrique Monde\",\"url\":\"https:\/\/www.institutafriquemonde.org\/\",\"logo\":{\"@type\":\"ImageObject\",\"inLanguage\":\"fr-FR\",\"@id\":\"https:\/\/www.institutafriquemonde.org\/#\/schema\/logo\/image\/\",\"url\":\"https:\/\/www.institutafriquemonde.org\/wp-content\/uploads\/2019\/09\/LogoIAM_225x140.png\",\"contentUrl\":\"https:\/\/www.institutafriquemonde.org\/wp-content\/uploads\/2019\/09\/LogoIAM_225x140.png\",\"width\":204,\"height\":140,\"caption\":\"Institut Afrique Monde\"},\"image\":{\"@id\":\"https:\/\/www.institutafriquemonde.org\/#\/schema\/logo\/image\/\"}}]}<\/script>\n<!-- \/ Yoast SEO plugin. -->","yoast_head_json":{"title":"Dialogue Interreligieux en Afrique de l'Ouest - Institut Afrique Monde","robots":{"index":"index","follow":"follow","max-snippet":"max-snippet:-1","max-image-preview":"max-image-preview:large","max-video-preview":"max-video-preview:-1"},"canonical":"https:\/\/www.institutafriquemonde.org\/index.php\/etudes\/dialogue-interreligieux-en-afrique-de-louest\/","og_locale":"fr_FR","og_type":"article","og_title":"Dialogue Interreligieux en Afrique de l'Ouest - Institut Afrique Monde","og_description":"Contribution du dialogue interreligieux \u00e0 la pacification en Afrique de l\u2019Ouest. C\u00f4te d\u2019Ivoire, S\u00e9n\u00e9gal, B\u00e9nin Etude r\u00e9alis\u00e9e par Camille KUYU, Nicolas&nbsp;KLINGELSCHMITT &amp; Emile MOSELLY BATAMACK Le dialogue inter-religieux n\u2019est pas seulement un dialogue entre les religions et\/ou leurs sp\u00e9cialistes. En fait ce sont toujours des hommes qui dialoguent, non des institutions. C\u2019est pourquoi il convient [&hellip;]","og_url":"https:\/\/www.institutafriquemonde.org\/index.php\/etudes\/dialogue-interreligieux-en-afrique-de-louest\/","og_site_name":"Institut Afrique Monde","article_modified_time":"2019-09-22T21:17:46+00:00","og_image":[{"width":960,"height":640,"url":"https:\/\/www.institutafriquemonde.org\/wp-content\/uploads\/2019\/09\/man-3230661_960_720.jpg","type":"image\/jpeg"}],"twitter_card":"summary_large_image","twitter_misc":{"Dur\u00e9e de lecture estim\u00e9e":"5 minutes"},"schema":{"@context":"https:\/\/schema.org","@graph":[{"@type":"WebPage","@id":"https:\/\/www.institutafriquemonde.org\/index.php\/etudes\/dialogue-interreligieux-en-afrique-de-louest\/","url":"https:\/\/www.institutafriquemonde.org\/index.php\/etudes\/dialogue-interreligieux-en-afrique-de-louest\/","name":"Dialogue Interreligieux en Afrique de l'Ouest - Institut Afrique Monde","isPartOf":{"@id":"https:\/\/www.institutafriquemonde.org\/#website"},"primaryImageOfPage":{"@id":"https:\/\/www.institutafriquemonde.org\/index.php\/etudes\/dialogue-interreligieux-en-afrique-de-louest\/#primaryimage"},"image":{"@id":"https:\/\/www.institutafriquemonde.org\/index.php\/etudes\/dialogue-interreligieux-en-afrique-de-louest\/#primaryimage"},"thumbnailUrl":"https:\/\/www.institutafriquemonde.org\/wp-content\/uploads\/2019\/09\/man-3230661_960_720.jpg","datePublished":"2019-07-17T14:23:39+00:00","dateModified":"2019-09-22T21:17:46+00:00","breadcrumb":{"@id":"https:\/\/www.institutafriquemonde.org\/index.php\/etudes\/dialogue-interreligieux-en-afrique-de-louest\/#breadcrumb"},"inLanguage":"fr-FR","potentialAction":[{"@type":"ReadAction","target":["https:\/\/www.institutafriquemonde.org\/index.php\/etudes\/dialogue-interreligieux-en-afrique-de-louest\/"]}]},{"@type":"ImageObject","inLanguage":"fr-FR","@id":"https:\/\/www.institutafriquemonde.org\/index.php\/etudes\/dialogue-interreligieux-en-afrique-de-louest\/#primaryimage","url":"https:\/\/www.institutafriquemonde.org\/wp-content\/uploads\/2019\/09\/man-3230661_960_720.jpg","contentUrl":"https:\/\/www.institutafriquemonde.org\/wp-content\/uploads\/2019\/09\/man-3230661_960_720.jpg","width":960,"height":640},{"@type":"BreadcrumbList","@id":"https:\/\/www.institutafriquemonde.org\/index.php\/etudes\/dialogue-interreligieux-en-afrique-de-louest\/#breadcrumb","itemListElement":[{"@type":"ListItem","position":1,"name":"Accueil","item":"https:\/\/www.institutafriquemonde.org\/"},{"@type":"ListItem","position":2,"name":"\u00c9tudes","item":"https:\/\/www.institutafriquemonde.org\/index.php\/etudes\/"},{"@type":"ListItem","position":3,"name":"Dialogue Interreligieux en Afrique de l&rsquo;Ouest"}]},{"@type":"WebSite","@id":"https:\/\/www.institutafriquemonde.org\/#website","url":"https:\/\/www.institutafriquemonde.org\/","name":"Institut Afrique Monde","description":"&quot;L&#039;audace, unique d\u00e9fi pour une Afrique nouvelle&quot;","publisher":{"@id":"https:\/\/www.institutafriquemonde.org\/#organization"},"potentialAction":[{"@type":"SearchAction","target":{"@type":"EntryPoint","urlTemplate":"https:\/\/www.institutafriquemonde.org\/?s={search_term_string}"},"query-input":{"@type":"PropertyValueSpecification","valueRequired":true,"valueName":"search_term_string"}}],"inLanguage":"fr-FR"},{"@type":"Organization","@id":"https:\/\/www.institutafriquemonde.org\/#organization","name":"Institut Afrique Monde","url":"https:\/\/www.institutafriquemonde.org\/","logo":{"@type":"ImageObject","inLanguage":"fr-FR","@id":"https:\/\/www.institutafriquemonde.org\/#\/schema\/logo\/image\/","url":"https:\/\/www.institutafriquemonde.org\/wp-content\/uploads\/2019\/09\/LogoIAM_225x140.png","contentUrl":"https:\/\/www.institutafriquemonde.org\/wp-content\/uploads\/2019\/09\/LogoIAM_225x140.png","width":204,"height":140,"caption":"Institut Afrique Monde"},"image":{"@id":"https:\/\/www.institutafriquemonde.org\/#\/schema\/logo\/image\/"}}]}},"_links":{"self":[{"href":"https:\/\/www.institutafriquemonde.org\/index.php\/wp-json\/wp\/v2\/pages\/184","targetHints":{"allow":["GET"]}}],"collection":[{"href":"https:\/\/www.institutafriquemonde.org\/index.php\/wp-json\/wp\/v2\/pages"}],"about":[{"href":"https:\/\/www.institutafriquemonde.org\/index.php\/wp-json\/wp\/v2\/types\/page"}],"author":[{"embeddable":true,"href":"https:\/\/www.institutafriquemonde.org\/index.php\/wp-json\/wp\/v2\/users\/1"}],"replies":[{"embeddable":true,"href":"https:\/\/www.institutafriquemonde.org\/index.php\/wp-json\/wp\/v2\/comments?post=184"}],"version-history":[{"count":5,"href":"https:\/\/www.institutafriquemonde.org\/index.php\/wp-json\/wp\/v2\/pages\/184\/revisions"}],"predecessor-version":[{"id":1029,"href":"https:\/\/www.institutafriquemonde.org\/index.php\/wp-json\/wp\/v2\/pages\/184\/revisions\/1029"}],"up":[{"embeddable":true,"href":"https:\/\/www.institutafriquemonde.org\/index.php\/wp-json\/wp\/v2\/pages\/172"}],"wp:featuredmedia":[{"embeddable":true,"href":"https:\/\/www.institutafriquemonde.org\/index.php\/wp-json\/wp\/v2\/media\/231"}],"wp:attachment":[{"href":"https:\/\/www.institutafriquemonde.org\/index.php\/wp-json\/wp\/v2\/media?parent=184"}],"curies":[{"name":"wp","href":"https:\/\/api.w.org\/{rel}","templated":true}]}}