{"id":248,"date":"2019-09-04T15:56:19","date_gmt":"2019-09-04T13:56:19","guid":{"rendered":"http:\/\/www.institutafriquemonde.org\/?page_id=248"},"modified":"2019-10-07T12:17:57","modified_gmt":"2019-10-07T10:17:57","slug":"les-poles","status":"publish","type":"page","link":"https:\/\/www.institutafriquemonde.org\/index.php\/les-poles\/","title":{"rendered":"Les P\u00f4les"},"content":{"rendered":"<div id=\"pl-248\"  class=\"panel-layout\" ><div id=\"pg-248-0\"  class=\"panel-grid panel-no-style\" ><div id=\"pgc-248-0-0\"  class=\"panel-grid-cell\" ><div id=\"panel-248-0-0-0\" class=\"so-panel widget widget_sow-editor panel-first-child panel-last-child\" data-index=\"0\" ><div\n\t\t\t\n\t\t\tclass=\"so-widget-sow-editor so-widget-sow-editor-base\"\n\t\t\t\n\t\t>\n<div class=\"siteorigin-widget-tinymce textwidget\">\n\t<p>Le Conseil d'Orientation, compos\u00e9 de membres actifs de l'Association \u00e0 jour de leurs cotisations qui font acte aupr\u00e8s du Conseil d'Administration, est mis en place pour pr\u00e9parer, proposer et soumettre \u00e0 l'approbation du Conseil d'Administration des programmes d'actions avant de les mettre en oeuvre.<\/p>\n<p>Le mandat d'administrateur est compatible avec celui de membre du Conseil d'Orientation.<\/p>\n<p>Le Conseil d'Orientation est dirig\u00e9 par un directeur des programmes (\"<strong>Directeur des Programmes<\/strong>\") qui rend compte au Pr\u00e9sident. Il peut \u00eatre assist\u00e9, s'il juge n\u00e9cessaire, par des responsables de p\u00f4les nomm\u00e9s par le Conseil d'Administration sur sa proposition.<\/p>\n<p>Les trois p\u00f4les sont:&nbsp;<\/p>\n<ul>\n<li><a href=\"http:\/\/www.institutafriquemonde.org\/index.php\/les-poles\/societes-cultures-et-spiritualite\/\">Art, Culture, Religion \u2013 Spiritualit\u00e9, Recherche &amp; \u00c9ditions<\/a><\/li>\n<li><a href=\"http:\/\/www.institutafriquemonde.org\/index.php\/les-poles\/developpement-international-gouvernance-publique-privee-financements\/\">D\u00e9veloppement international, gouvernance publique et priv\u00e9e &amp; financements<\/a><\/li>\n<li><a href=\"http:\/\/www.institutafriquemonde.org\/index.php\/les-poles\/education-innovation-communication\/\">\u00c9ducation, Innovation &amp; Communication<\/a><\/li>\n<\/ul>\n<\/div>\n<\/div><\/div><\/div><\/div><div id=\"pg-248-1\"  class=\"panel-grid panel-no-style\" ><div id=\"pgc-248-1-0\"  class=\"panel-grid-cell\" ><div id=\"panel-248-1-0-0\" class=\"so-panel widget widget_sow-hero panel-first-child panel-last-child\" data-index=\"1\" ><div\n\t\t\t\n\t\t\tclass=\"so-widget-sow-hero so-widget-sow-hero-default-33aa4b952b7d-248 so-widget-fittext-wrapper\"\n\t\t\t data-fit-text-compressor=\"0.85\"\n\t\t>\t\t\t\t<div class=\"sow-slider-base\" style=\"display: none\" tabindex=\"0\">\n\t\t\t\t\t<ul\n\t\t\t\t\tclass=\"sow-slider-images\"\n\t\t\t\t\tdata-settings=\"{&quot;pagination&quot;:true,&quot;speed&quot;:800,&quot;timeout&quot;:8000,&quot;paused&quot;:false,&quot;pause_on_hover&quot;:false,&quot;swipe&quot;:true,&quot;nav_always_show_desktop&quot;:&quot;&quot;,&quot;nav_always_show_mobile&quot;:&quot;&quot;,&quot;breakpoint&quot;:&quot;780px&quot;,&quot;unmute&quot;:false,&quot;anchor&quot;:null}\"\n\t\t\t\t\tstyle=\"min-height: 400px\"\t\t\t\t\tdata-anchor-id=\"\"\n\t\t\t\t>\t\t<li class=\"sow-slider-image  sow-slider-image-cover\" style=\"visibility: visible;;background-color: #333333;cursor: pointer;\" data-url=\"{&quot;url&quot;:&quot;https:\\\/\\\/www.institutafriquemonde.org\\\/index.php\\\/les-poles\\\/societes-cultures-et-spiritualite\\\/&quot;,&quot;new_window&quot;:false}\" >\n\t\t\t\t\t<div class=\"sow-slider-image-container\">\n\t\t\t<div class=\"sow-slider-image-wrapper\">\n\t\t\t\t<h3 class=\"entry-title\" style=\"text-align: center\">Art, Culture, Religion \u2013 Spiritualit\u00e9, Recherche &amp; \u00c9ditions<\/h3>\n\t\t\t<\/div>\n\t\t<\/div>\n\t\t<div class=\"sow-slider-image-overlay sow-slider-image-cover\" style=\"opacity: 0.8;background-image: url(https:\/\/www.institutafriquemonde.org\/wp-content\/uploads\/2019\/09\/dove-3426159_960_720.jpg)\"  ><\/div>\t\t<\/li>\n\t\t<\/ul>\t\t\t\t<ol class=\"sow-slider-pagination\">\n\t\t\t\t\t\t\t\t\t\t\t<li><a href=\"#\" data-goto=\"0\" aria-label=\"Display slide 1\"><\/a><\/li>\n\t\t\t\t\t\t\t\t\t<\/ol>\n\n\t\t\t\t<div class=\"sow-slide-nav sow-slide-nav-next\">\n\t\t\t\t\t<a href=\"#\" data-goto=\"next\" aria-label=\"Next slide\" data-action=\"next\">\n\t\t\t\t\t\t<em class=\"sow-sld-icon-thin-right\"><\/em>\n\t\t\t\t\t<\/a>\n\t\t\t\t<\/div>\n\n\t\t\t\t<div class=\"sow-slide-nav sow-slide-nav-prev\">\n\t\t\t\t\t<a href=\"#\" data-goto=\"previous\" aria-label=\"Previous slide\" data-action=\"prev\">\n\t\t\t\t\t\t<em class=\"sow-sld-icon-thin-left\"><\/em>\n\t\t\t\t\t<\/a>\n\t\t\t\t<\/div>\n\t\t\t\t<\/div><\/div><\/div><\/div><div id=\"pgc-248-1-1\"  class=\"panel-grid-cell\" ><div id=\"panel-248-1-1-0\" class=\"so-panel widget widget_sow-hero panel-first-child panel-last-child\" data-index=\"2\" ><div\n\t\t\t\n\t\t\tclass=\"so-widget-sow-hero so-widget-sow-hero-default-33aa4b952b7d-248 so-widget-fittext-wrapper\"\n\t\t\t data-fit-text-compressor=\"0.85\"\n\t\t>\t\t\t\t<div class=\"sow-slider-base\" style=\"display: none\" tabindex=\"0\">\n\t\t\t\t\t<ul\n\t\t\t\t\tclass=\"sow-slider-images\"\n\t\t\t\t\tdata-settings=\"{&quot;pagination&quot;:true,&quot;speed&quot;:800,&quot;timeout&quot;:8000,&quot;paused&quot;:false,&quot;pause_on_hover&quot;:false,&quot;swipe&quot;:true,&quot;nav_always_show_desktop&quot;:&quot;&quot;,&quot;nav_always_show_mobile&quot;:&quot;&quot;,&quot;breakpoint&quot;:&quot;780px&quot;,&quot;unmute&quot;:false,&quot;anchor&quot;:null}\"\n\t\t\t\t\tstyle=\"min-height: 400px\"\t\t\t\t\tdata-anchor-id=\"\"\n\t\t\t\t>\t\t<li class=\"sow-slider-image  sow-slider-image-cover\" style=\"visibility: visible;;background-color: #333333;cursor: pointer;\" data-url=\"{&quot;url&quot;:&quot;https:\\\/\\\/www.institutafriquemonde.org\\\/index.php\\\/les-poles\\\/developpement-international-gouvernance-publique-privee-financements\\\/&quot;,&quot;new_window&quot;:false}\" >\n\t\t\t\t\t<div class=\"sow-slider-image-container\">\n\t\t\t<div class=\"sow-slider-image-wrapper\">\n\t\t\t\t<h3 class=\"entry-title\" style=\"text-align: center\">D\u00e9veloppement international, gouvernance publique et priv\u00e9e &amp; financements<\/h3>\n\t\t\t<\/div>\n\t\t<\/div>\n\t\t<div class=\"sow-slider-image-overlay sow-slider-image-cover\" style=\"opacity: 0.8;background-image: url(https:\/\/www.institutafriquemonde.org\/wp-content\/uploads\/2019\/09\/shaking-hands-3205463_960_720.jpg)\"  ><\/div>\t\t<\/li>\n\t\t<\/ul>\t\t\t\t<ol class=\"sow-slider-pagination\">\n\t\t\t\t\t\t\t\t\t\t\t<li><a href=\"#\" data-goto=\"0\" aria-label=\"Display slide 1\"><\/a><\/li>\n\t\t\t\t\t\t\t\t\t<\/ol>\n\n\t\t\t\t<div class=\"sow-slide-nav sow-slide-nav-next\">\n\t\t\t\t\t<a href=\"#\" data-goto=\"next\" aria-label=\"Next slide\" data-action=\"next\">\n\t\t\t\t\t\t<em class=\"sow-sld-icon-thin-right\"><\/em>\n\t\t\t\t\t<\/a>\n\t\t\t\t<\/div>\n\n\t\t\t\t<div class=\"sow-slide-nav sow-slide-nav-prev\">\n\t\t\t\t\t<a href=\"#\" data-goto=\"previous\" aria-label=\"Previous slide\" data-action=\"prev\">\n\t\t\t\t\t\t<em class=\"sow-sld-icon-thin-left\"><\/em>\n\t\t\t\t\t<\/a>\n\t\t\t\t<\/div>\n\t\t\t\t<\/div><\/div><\/div><\/div><div id=\"pgc-248-1-2\"  class=\"panel-grid-cell\" ><div id=\"panel-248-1-2-0\" class=\"so-panel widget widget_sow-hero panel-first-child panel-last-child\" data-index=\"3\" ><div\n\t\t\t\n\t\t\tclass=\"so-widget-sow-hero so-widget-sow-hero-default-33aa4b952b7d-248 so-widget-fittext-wrapper\"\n\t\t\t data-fit-text-compressor=\"0.85\"\n\t\t>\t\t\t\t<div class=\"sow-slider-base\" style=\"display: none\" tabindex=\"0\">\n\t\t\t\t\t<ul\n\t\t\t\t\tclass=\"sow-slider-images\"\n\t\t\t\t\tdata-settings=\"{&quot;pagination&quot;:true,&quot;speed&quot;:800,&quot;timeout&quot;:8000,&quot;paused&quot;:false,&quot;pause_on_hover&quot;:false,&quot;swipe&quot;:true,&quot;nav_always_show_desktop&quot;:&quot;&quot;,&quot;nav_always_show_mobile&quot;:&quot;&quot;,&quot;breakpoint&quot;:&quot;780px&quot;,&quot;unmute&quot;:false,&quot;anchor&quot;:null}\"\n\t\t\t\t\tstyle=\"min-height: 400px\"\t\t\t\t\tdata-anchor-id=\"\"\n\t\t\t\t>\t\t<li class=\"sow-slider-image  sow-slider-image-cover\" style=\"visibility: visible;;background-color: #333333;cursor: pointer;\" data-url=\"{&quot;url&quot;:&quot;https:\\\/\\\/www.institutafriquemonde.org\\\/index.php\\\/les-poles\\\/education-innovation-communication\\\/&quot;,&quot;new_window&quot;:false}\" >\n\t\t\t\t\t<div class=\"sow-slider-image-container\">\n\t\t\t<div class=\"sow-slider-image-wrapper\">\n\t\t\t\t<h3 class=\"entry-title\" style=\"text-align: center\">\u00c9ducation, Innovation &amp; Communication<\/h3>\n\t\t\t<\/div>\n\t\t<\/div>\n\t\t<div class=\"sow-slider-image-overlay sow-slider-image-cover\" style=\"opacity: 0.8;background-image: url(https:\/\/www.institutafriquemonde.org\/wp-content\/uploads\/2019\/09\/business-561388_960_720.jpg)\"  ><\/div>\t\t<\/li>\n\t\t<\/ul>\t\t\t\t<ol class=\"sow-slider-pagination\">\n\t\t\t\t\t\t\t\t\t\t\t<li><a href=\"#\" data-goto=\"0\" aria-label=\"Display slide 1\"><\/a><\/li>\n\t\t\t\t\t\t\t\t\t<\/ol>\n\n\t\t\t\t<div class=\"sow-slide-nav sow-slide-nav-next\">\n\t\t\t\t\t<a href=\"#\" data-goto=\"next\" aria-label=\"Next slide\" data-action=\"next\">\n\t\t\t\t\t\t<em class=\"sow-sld-icon-thin-right\"><\/em>\n\t\t\t\t\t<\/a>\n\t\t\t\t<\/div>\n\n\t\t\t\t<div class=\"sow-slide-nav sow-slide-nav-prev\">\n\t\t\t\t\t<a href=\"#\" data-goto=\"previous\" aria-label=\"Previous slide\" data-action=\"prev\">\n\t\t\t\t\t\t<em class=\"sow-sld-icon-thin-left\"><\/em>\n\t\t\t\t\t<\/a>\n\t\t\t\t<\/div>\n\t\t\t\t<\/div><\/div><\/div><\/div><\/div><\/div>","protected":false},"excerpt":{"rendered":"<p>Le Conseil d&rsquo;Orientation, compos\u00e9 de membres actifs de l&rsquo;Association \u00e0 jour de leurs cotisations qui font acte aupr\u00e8s du Conseil d&rsquo;Administration, est mis en place pour pr\u00e9parer, proposer et soumettre \u00e0 l&rsquo;approbation du Conseil d&rsquo;Administration des programmes d&rsquo;actions avant de les mettre en oeuvre. Le mandat d&rsquo;administrateur est compatible avec celui de membre du Conseil [&hellip;]<\/p>\n","protected":false},"author":1,"featured_media":0,"parent":0,"menu_order":0,"comment_status":"closed","ping_status":"closed","template":"","meta":{"ngg_post_thumbnail":0,"footnotes":""},"class_list":["post-248","page","type-page","status-publish","hentry","post"],"yoast_head":"<!-- This site is optimized with the Yoast SEO plugin v26.1.1 - https:\/\/yoast.com\/wordpress\/plugins\/seo\/ -->\n<title>Les P\u00f4les - Institut Afrique Monde<\/title>\n<meta name=\"robots\" content=\"index, follow, max-snippet:-1, max-image-preview:large, max-video-preview:-1\" \/>\n<link rel=\"canonical\" href=\"https:\/\/www.institutafriquemonde.org\/index.php\/les-poles\/\" \/>\n<meta property=\"og:locale\" content=\"fr_FR\" \/>\n<meta property=\"og:type\" content=\"article\" \/>\n<meta property=\"og:title\" content=\"Les P\u00f4les - Institut Afrique Monde\" \/>\n<meta property=\"og:description\" content=\"Le Conseil d&#039;Orientation, compos\u00e9 de membres actifs de l&#039;Association \u00e0 jour de leurs cotisations qui font acte aupr\u00e8s du Conseil d&#039;Administration, est mis en place pour pr\u00e9parer, proposer et soumettre \u00e0 l&#039;approbation du Conseil d&#039;Administration des programmes d&#039;actions avant de les mettre en oeuvre. Le mandat d&#039;administrateur est compatible avec celui de membre du Conseil [&hellip;]\" \/>\n<meta property=\"og:url\" content=\"https:\/\/www.institutafriquemonde.org\/index.php\/les-poles\/\" \/>\n<meta property=\"og:site_name\" content=\"Institut Afrique Monde\" \/>\n<meta property=\"article:modified_time\" content=\"2019-10-07T10:17:57+00:00\" \/>\n<meta name=\"twitter:card\" content=\"summary_large_image\" \/>\n<meta name=\"twitter:label1\" content=\"Dur\u00e9e de lecture estim\u00e9e\" \/>\n\t<meta name=\"twitter:data1\" content=\"1 minute\" \/>\n<script type=\"application\/ld+json\" class=\"yoast-schema-graph\">{\"@context\":\"https:\/\/schema.org\",\"@graph\":[{\"@type\":\"WebPage\",\"@id\":\"https:\/\/www.institutafriquemonde.org\/index.php\/les-poles\/\",\"url\":\"https:\/\/www.institutafriquemonde.org\/index.php\/les-poles\/\",\"name\":\"Les P\u00f4les - Institut Afrique Monde\",\"isPartOf\":{\"@id\":\"https:\/\/www.institutafriquemonde.org\/#website\"},\"datePublished\":\"2019-09-04T13:56:19+00:00\",\"dateModified\":\"2019-10-07T10:17:57+00:00\",\"breadcrumb\":{\"@id\":\"https:\/\/www.institutafriquemonde.org\/index.php\/les-poles\/#breadcrumb\"},\"inLanguage\":\"fr-FR\",\"potentialAction\":[{\"@type\":\"ReadAction\",\"target\":[\"https:\/\/www.institutafriquemonde.org\/index.php\/les-poles\/\"]}]},{\"@type\":\"BreadcrumbList\",\"@id\":\"https:\/\/www.institutafriquemonde.org\/index.php\/les-poles\/#breadcrumb\",\"itemListElement\":[{\"@type\":\"ListItem\",\"position\":1,\"name\":\"Accueil\",\"item\":\"https:\/\/www.institutafriquemonde.org\/\"},{\"@type\":\"ListItem\",\"position\":2,\"name\":\"Les P\u00f4les\"}]},{\"@type\":\"WebSite\",\"@id\":\"https:\/\/www.institutafriquemonde.org\/#website\",\"url\":\"https:\/\/www.institutafriquemonde.org\/\",\"name\":\"Institut Afrique Monde\",\"description\":\"&quot;L&#039;audace, unique d\u00e9fi pour une Afrique nouvelle&quot;\",\"publisher\":{\"@id\":\"https:\/\/www.institutafriquemonde.org\/#organization\"},\"potentialAction\":[{\"@type\":\"SearchAction\",\"target\":{\"@type\":\"EntryPoint\",\"urlTemplate\":\"https:\/\/www.institutafriquemonde.org\/?s={search_term_string}\"},\"query-input\":{\"@type\":\"PropertyValueSpecification\",\"valueRequired\":true,\"valueName\":\"search_term_string\"}}],\"inLanguage\":\"fr-FR\"},{\"@type\":\"Organization\",\"@id\":\"https:\/\/www.institutafriquemonde.org\/#organization\",\"name\":\"Institut Afrique Monde\",\"url\":\"https:\/\/www.institutafriquemonde.org\/\",\"logo\":{\"@type\":\"ImageObject\",\"inLanguage\":\"fr-FR\",\"@id\":\"https:\/\/www.institutafriquemonde.org\/#\/schema\/logo\/image\/\",\"url\":\"https:\/\/www.institutafriquemonde.org\/wp-content\/uploads\/2019\/09\/LogoIAM_225x140.png\",\"contentUrl\":\"https:\/\/www.institutafriquemonde.org\/wp-content\/uploads\/2019\/09\/LogoIAM_225x140.png\",\"width\":204,\"height\":140,\"caption\":\"Institut Afrique Monde\"},\"image\":{\"@id\":\"https:\/\/www.institutafriquemonde.org\/#\/schema\/logo\/image\/\"}}]}<\/script>\n<!-- \/ Yoast SEO plugin. -->","yoast_head_json":{"title":"Les P\u00f4les - Institut Afrique Monde","robots":{"index":"index","follow":"follow","max-snippet":"max-snippet:-1","max-image-preview":"max-image-preview:large","max-video-preview":"max-video-preview:-1"},"canonical":"https:\/\/www.institutafriquemonde.org\/index.php\/les-poles\/","og_locale":"fr_FR","og_type":"article","og_title":"Les P\u00f4les - Institut Afrique Monde","og_description":"Le Conseil d'Orientation, compos\u00e9 de membres actifs de l'Association \u00e0 jour de leurs cotisations qui font acte aupr\u00e8s du Conseil d'Administration, est mis en place pour pr\u00e9parer, proposer et soumettre \u00e0 l'approbation du Conseil d'Administration des programmes d'actions avant de les mettre en oeuvre. Le mandat d'administrateur est compatible avec celui de membre du Conseil [&hellip;]","og_url":"https:\/\/www.institutafriquemonde.org\/index.php\/les-poles\/","og_site_name":"Institut Afrique Monde","article_modified_time":"2019-10-07T10:17:57+00:00","twitter_card":"summary_large_image","twitter_misc":{"Dur\u00e9e de lecture estim\u00e9e":"1 minute"},"schema":{"@context":"https:\/\/schema.org","@graph":[{"@type":"WebPage","@id":"https:\/\/www.institutafriquemonde.org\/index.php\/les-poles\/","url":"https:\/\/www.institutafriquemonde.org\/index.php\/les-poles\/","name":"Les P\u00f4les - Institut Afrique Monde","isPartOf":{"@id":"https:\/\/www.institutafriquemonde.org\/#website"},"datePublished":"2019-09-04T13:56:19+00:00","dateModified":"2019-10-07T10:17:57+00:00","breadcrumb":{"@id":"https:\/\/www.institutafriquemonde.org\/index.php\/les-poles\/#breadcrumb"},"inLanguage":"fr-FR","potentialAction":[{"@type":"ReadAction","target":["https:\/\/www.institutafriquemonde.org\/index.php\/les-poles\/"]}]},{"@type":"BreadcrumbList","@id":"https:\/\/www.institutafriquemonde.org\/index.php\/les-poles\/#breadcrumb","itemListElement":[{"@type":"ListItem","position":1,"name":"Accueil","item":"https:\/\/www.institutafriquemonde.org\/"},{"@type":"ListItem","position":2,"name":"Les P\u00f4les"}]},{"@type":"WebSite","@id":"https:\/\/www.institutafriquemonde.org\/#website","url":"https:\/\/www.institutafriquemonde.org\/","name":"Institut Afrique Monde","description":"&quot;L&#039;audace, unique d\u00e9fi pour une Afrique nouvelle&quot;","publisher":{"@id":"https:\/\/www.institutafriquemonde.org\/#organization"},"potentialAction":[{"@type":"SearchAction","target":{"@type":"EntryPoint","urlTemplate":"https:\/\/www.institutafriquemonde.org\/?s={search_term_string}"},"query-input":{"@type":"PropertyValueSpecification","valueRequired":true,"valueName":"search_term_string"}}],"inLanguage":"fr-FR"},{"@type":"Organization","@id":"https:\/\/www.institutafriquemonde.org\/#organization","name":"Institut Afrique Monde","url":"https:\/\/www.institutafriquemonde.org\/","logo":{"@type":"ImageObject","inLanguage":"fr-FR","@id":"https:\/\/www.institutafriquemonde.org\/#\/schema\/logo\/image\/","url":"https:\/\/www.institutafriquemonde.org\/wp-content\/uploads\/2019\/09\/LogoIAM_225x140.png","contentUrl":"https:\/\/www.institutafriquemonde.org\/wp-content\/uploads\/2019\/09\/LogoIAM_225x140.png","width":204,"height":140,"caption":"Institut Afrique Monde"},"image":{"@id":"https:\/\/www.institutafriquemonde.org\/#\/schema\/logo\/image\/"}}]}},"_links":{"self":[{"href":"https:\/\/www.institutafriquemonde.org\/index.php\/wp-json\/wp\/v2\/pages\/248","targetHints":{"allow":["GET"]}}],"collection":[{"href":"https:\/\/www.institutafriquemonde.org\/index.php\/wp-json\/wp\/v2\/pages"}],"about":[{"href":"https:\/\/www.institutafriquemonde.org\/index.php\/wp-json\/wp\/v2\/types\/page"}],"author":[{"embeddable":true,"href":"https:\/\/www.institutafriquemonde.org\/index.php\/wp-json\/wp\/v2\/users\/1"}],"replies":[{"embeddable":true,"href":"https:\/\/www.institutafriquemonde.org\/index.php\/wp-json\/wp\/v2\/comments?post=248"}],"version-history":[{"count":24,"href":"https:\/\/www.institutafriquemonde.org\/index.php\/wp-json\/wp\/v2\/pages\/248\/revisions"}],"predecessor-version":[{"id":1074,"href":"https:\/\/www.institutafriquemonde.org\/index.php\/wp-json\/wp\/v2\/pages\/248\/revisions\/1074"}],"wp:attachment":[{"href":"https:\/\/www.institutafriquemonde.org\/index.php\/wp-json\/wp\/v2\/media?parent=248"}],"curies":[{"name":"wp","href":"https:\/\/api.w.org\/{rel}","templated":true}]}}