{"id":26,"date":"2019-04-11T12:31:47","date_gmt":"2019-04-11T10:31:47","guid":{"rendered":"http:\/\/www.institutafriquemonde.org\/?page_id=26"},"modified":"2020-03-01T23:04:08","modified_gmt":"2020-03-01T22:04:08","slug":"presentation","status":"publish","type":"page","link":"https:\/\/www.institutafriquemonde.org\/index.php\/presentation\/","title":{"rendered":"Pr\u00e9sentation de l&rsquo;Institut Afrique Monde"},"content":{"rendered":"<blockquote><p><em><strong>L&rsquo;AUDACE, UNIQUE D\u00c9FI POUR UNE AFRIQUE NOUVELLE<\/strong><\/em><\/p><\/blockquote>\n<p>C&rsquo;est autour de ce slogan, issu du Manifeste du cinquantenaire des ind\u00e9pendances africaines, que s&rsquo;est tenu l&rsquo;Assembl\u00e9e G\u00e9n\u00e9rale constitutive de l&rsquo;<strong>Institut Afrique Monde<\/strong> (<strong>IAM<\/strong>).<\/p>\n<p>L&rsquo;<strong>Institut Afrique Monde<\/strong> est une ONG cr\u00e9\u00e9e en Octobre 2013 \u00e0 Paris. L\u2019Association est un laboratoire d\u2019id\u00e9es ou \u00ab\u00a0<em>Think Tank<\/em>\u00a0\u00bb libre, ind\u00e9pendant et apolitique ayant pour but de :<\/p>\n<ul>\n<li>faire conna\u00eetre au plus grand nombre le dynamisme et le potentiel de l\u2019Afrique par une meilleure perception de sa soci\u00e9t\u00e9, de sa culture, de son \u00e9conomie, dans une perspective \u00e0 la fois historique et actuelle,<\/li>\n<li>de se positionner comme organe de r\u00e9flexion, d\u2019analyse et de d\u00e9bats, proposant des id\u00e9es innovantes et audacieuses, pour le d\u00e9veloppement d\u2019une Afrique en paix, ouverte sur le monde, ayant un point de vue \u00e0 d\u00e9fendre sur ce qui y advient,<\/li>\n<li>de susciter et mettre en \u0153uvre des initiatives qui visent \u00e0 am\u00e9liorer la vie des hommes et des femmes sur le Continent africain.<\/li>\n<\/ul>\n<p>Comme tout Laboratoire d\u2019id\u00e9es, l&rsquo;Institut Afrique Monde souhaite intervenir dans les d\u00e9bats publics sur les grands probl\u00e8mes \u00e9conomiques et de soci\u00e9t\u00e9, parall\u00e8lement aux travaux effectu\u00e9s par les administrations publiques. Il s\u2019agit de peser sur l\u2019action publique en mobilisant des savoirs, en r\u00e9alisant et diffusant des \u00e9tudes aupr\u00e8s du grand public, des m\u00e9dias, des dirigeants d\u2019entreprises.<\/p>\n<p>L\u2019Institut Afrique Monde a re\u00e7u une accr\u00e9ditation officielle d\u2019OING aupr\u00e8s de l\u2019Organisation Internationale de la Francophonie, qui lui permet de b\u00e9n\u00e9ficier du statut consultatif dans les processus de formulation de la strat\u00e9gie, des programmes et des actions de la Francophonie.<\/p>\n<p>L\u2019Association jouit du statut de partenaire officiel de l&rsquo;Organisation des Nations-Unies pour l&rsquo;Education, la Science et la Culture (UNESCO).<\/p>\n<p>L&rsquo;analyse et l&rsquo;action de l&rsquo;IAM sont structur\u00e9es autour de 3 p\u00f4les:<\/p>\n<ul>\n<li><a href=\"https:\/\/www.institutafriquemonde.org\/index.php\/les-poles\/societes-cultures-et-spiritualite\/\" rel=\"noopener noreferrer\">Art, Culture, Religion \u2013 Spiritualit\u00e9, Recherche &amp; \u00c9ditions<\/a><\/li>\n<li><a href=\"https:\/\/www.institutafriquemonde.org\/index.php\/les-poles\/education-innovation-communication\/\" rel=\"noopener noreferrer\">\u00c9ducation, Innovation &amp; Communication<\/a><\/li>\n<li><a href=\"https:\/\/www.institutafriquemonde.org\/index.php\/les-poles\/developpement-international-gouvernance-publique-privee-financements\/\" rel=\"noopener noreferrer\">D\u00e9veloppement international, gouvernance publique et priv\u00e9e &amp; financements<\/a><\/li>\n<\/ul>\n<p><a href=\"https:\/\/www.institutafriquemonde.org\/docs\/Flyer_AfriqMonde_prt.pdf\" target=\"_blank\" rel=\"noopener noreferrer\">T\u00e9l\u00e9chargez le flyer de pr\u00e9sentation<\/a>.<\/p>\n","protected":false},"excerpt":{"rendered":"<p>L&rsquo;AUDACE, UNIQUE D\u00c9FI POUR UNE AFRIQUE NOUVELLE C&rsquo;est autour de ce slogan, issu du Manifeste du cinquantenaire des ind\u00e9pendances africaines, que s&rsquo;est tenu l&rsquo;Assembl\u00e9e G\u00e9n\u00e9rale constitutive de l&rsquo;Institut Afrique Monde (IAM). L&rsquo;Institut Afrique Monde est une ONG cr\u00e9\u00e9e en Octobre 2013 \u00e0 Paris. L\u2019Association est un laboratoire d\u2019id\u00e9es ou \u00ab\u00a0Think Tank\u00a0\u00bb libre, ind\u00e9pendant et apolitique [&hellip;]<\/p>\n","protected":false},"author":1,"featured_media":0,"parent":0,"menu_order":0,"comment_status":"closed","ping_status":"closed","template":"","meta":{"ngg_post_thumbnail":0,"footnotes":""},"class_list":["post-26","page","type-page","status-publish","hentry","post"],"yoast_head":"<!-- This site is optimized with the Yoast SEO plugin v26.1.1 - https:\/\/yoast.com\/wordpress\/plugins\/seo\/ -->\n<title>Pr\u00e9sentation de l&#039;Institut Afrique Monde - Institut Afrique Monde<\/title>\n<meta name=\"robots\" content=\"index, follow, max-snippet:-1, max-image-preview:large, max-video-preview:-1\" \/>\n<link rel=\"canonical\" href=\"https:\/\/www.institutafriquemonde.org\/index.php\/presentation\/\" \/>\n<meta property=\"og:locale\" content=\"fr_FR\" \/>\n<meta property=\"og:type\" content=\"article\" \/>\n<meta property=\"og:title\" content=\"Pr\u00e9sentation de l&#039;Institut Afrique Monde - Institut Afrique Monde\" \/>\n<meta property=\"og:description\" content=\"L&rsquo;AUDACE, UNIQUE D\u00c9FI POUR UNE AFRIQUE NOUVELLE C&rsquo;est autour de ce slogan, issu du Manifeste du cinquantenaire des ind\u00e9pendances africaines, que s&rsquo;est tenu l&rsquo;Assembl\u00e9e G\u00e9n\u00e9rale constitutive de l&rsquo;Institut Afrique Monde (IAM). L&rsquo;Institut Afrique Monde est une ONG cr\u00e9\u00e9e en Octobre 2013 \u00e0 Paris. L\u2019Association est un laboratoire d\u2019id\u00e9es ou \u00ab\u00a0Think Tank\u00a0\u00bb libre, ind\u00e9pendant et apolitique [&hellip;]\" \/>\n<meta property=\"og:url\" content=\"https:\/\/www.institutafriquemonde.org\/index.php\/presentation\/\" \/>\n<meta property=\"og:site_name\" content=\"Institut Afrique Monde\" \/>\n<meta property=\"article:modified_time\" content=\"2020-03-01T22:04:08+00:00\" \/>\n<meta name=\"twitter:card\" content=\"summary_large_image\" \/>\n<meta name=\"twitter:label1\" content=\"Dur\u00e9e de lecture estim\u00e9e\" \/>\n\t<meta name=\"twitter:data1\" content=\"2 minutes\" \/>\n<script type=\"application\/ld+json\" class=\"yoast-schema-graph\">{\"@context\":\"https:\/\/schema.org\",\"@graph\":[{\"@type\":\"WebPage\",\"@id\":\"https:\/\/www.institutafriquemonde.org\/index.php\/presentation\/\",\"url\":\"https:\/\/www.institutafriquemonde.org\/index.php\/presentation\/\",\"name\":\"Pr\u00e9sentation de l'Institut Afrique Monde - Institut Afrique Monde\",\"isPartOf\":{\"@id\":\"https:\/\/www.institutafriquemonde.org\/#website\"},\"datePublished\":\"2019-04-11T10:31:47+00:00\",\"dateModified\":\"2020-03-01T22:04:08+00:00\",\"breadcrumb\":{\"@id\":\"https:\/\/www.institutafriquemonde.org\/index.php\/presentation\/#breadcrumb\"},\"inLanguage\":\"fr-FR\",\"potentialAction\":[{\"@type\":\"ReadAction\",\"target\":[\"https:\/\/www.institutafriquemonde.org\/index.php\/presentation\/\"]}]},{\"@type\":\"BreadcrumbList\",\"@id\":\"https:\/\/www.institutafriquemonde.org\/index.php\/presentation\/#breadcrumb\",\"itemListElement\":[{\"@type\":\"ListItem\",\"position\":1,\"name\":\"Accueil\",\"item\":\"https:\/\/www.institutafriquemonde.org\/\"},{\"@type\":\"ListItem\",\"position\":2,\"name\":\"Pr\u00e9sentation de l&rsquo;Institut Afrique Monde\"}]},{\"@type\":\"WebSite\",\"@id\":\"https:\/\/www.institutafriquemonde.org\/#website\",\"url\":\"https:\/\/www.institutafriquemonde.org\/\",\"name\":\"Institut Afrique Monde\",\"description\":\"&quot;L&#039;audace, unique d\u00e9fi pour une Afrique nouvelle&quot;\",\"publisher\":{\"@id\":\"https:\/\/www.institutafriquemonde.org\/#organization\"},\"potentialAction\":[{\"@type\":\"SearchAction\",\"target\":{\"@type\":\"EntryPoint\",\"urlTemplate\":\"https:\/\/www.institutafriquemonde.org\/?s={search_term_string}\"},\"query-input\":{\"@type\":\"PropertyValueSpecification\",\"valueRequired\":true,\"valueName\":\"search_term_string\"}}],\"inLanguage\":\"fr-FR\"},{\"@type\":\"Organization\",\"@id\":\"https:\/\/www.institutafriquemonde.org\/#organization\",\"name\":\"Institut Afrique Monde\",\"url\":\"https:\/\/www.institutafriquemonde.org\/\",\"logo\":{\"@type\":\"ImageObject\",\"inLanguage\":\"fr-FR\",\"@id\":\"https:\/\/www.institutafriquemonde.org\/#\/schema\/logo\/image\/\",\"url\":\"https:\/\/www.institutafriquemonde.org\/wp-content\/uploads\/2019\/09\/LogoIAM_225x140.png\",\"contentUrl\":\"https:\/\/www.institutafriquemonde.org\/wp-content\/uploads\/2019\/09\/LogoIAM_225x140.png\",\"width\":204,\"height\":140,\"caption\":\"Institut Afrique Monde\"},\"image\":{\"@id\":\"https:\/\/www.institutafriquemonde.org\/#\/schema\/logo\/image\/\"}}]}<\/script>\n<!-- \/ Yoast SEO plugin. -->","yoast_head_json":{"title":"Pr\u00e9sentation de l'Institut Afrique Monde - Institut Afrique Monde","robots":{"index":"index","follow":"follow","max-snippet":"max-snippet:-1","max-image-preview":"max-image-preview:large","max-video-preview":"max-video-preview:-1"},"canonical":"https:\/\/www.institutafriquemonde.org\/index.php\/presentation\/","og_locale":"fr_FR","og_type":"article","og_title":"Pr\u00e9sentation de l'Institut Afrique Monde - Institut Afrique Monde","og_description":"L&rsquo;AUDACE, UNIQUE D\u00c9FI POUR UNE AFRIQUE NOUVELLE C&rsquo;est autour de ce slogan, issu du Manifeste du cinquantenaire des ind\u00e9pendances africaines, que s&rsquo;est tenu l&rsquo;Assembl\u00e9e G\u00e9n\u00e9rale constitutive de l&rsquo;Institut Afrique Monde (IAM). L&rsquo;Institut Afrique Monde est une ONG cr\u00e9\u00e9e en Octobre 2013 \u00e0 Paris. L\u2019Association est un laboratoire d\u2019id\u00e9es ou \u00ab\u00a0Think Tank\u00a0\u00bb libre, ind\u00e9pendant et apolitique [&hellip;]","og_url":"https:\/\/www.institutafriquemonde.org\/index.php\/presentation\/","og_site_name":"Institut Afrique Monde","article_modified_time":"2020-03-01T22:04:08+00:00","twitter_card":"summary_large_image","twitter_misc":{"Dur\u00e9e de lecture estim\u00e9e":"2 minutes"},"schema":{"@context":"https:\/\/schema.org","@graph":[{"@type":"WebPage","@id":"https:\/\/www.institutafriquemonde.org\/index.php\/presentation\/","url":"https:\/\/www.institutafriquemonde.org\/index.php\/presentation\/","name":"Pr\u00e9sentation de l'Institut Afrique Monde - Institut Afrique Monde","isPartOf":{"@id":"https:\/\/www.institutafriquemonde.org\/#website"},"datePublished":"2019-04-11T10:31:47+00:00","dateModified":"2020-03-01T22:04:08+00:00","breadcrumb":{"@id":"https:\/\/www.institutafriquemonde.org\/index.php\/presentation\/#breadcrumb"},"inLanguage":"fr-FR","potentialAction":[{"@type":"ReadAction","target":["https:\/\/www.institutafriquemonde.org\/index.php\/presentation\/"]}]},{"@type":"BreadcrumbList","@id":"https:\/\/www.institutafriquemonde.org\/index.php\/presentation\/#breadcrumb","itemListElement":[{"@type":"ListItem","position":1,"name":"Accueil","item":"https:\/\/www.institutafriquemonde.org\/"},{"@type":"ListItem","position":2,"name":"Pr\u00e9sentation de l&rsquo;Institut Afrique Monde"}]},{"@type":"WebSite","@id":"https:\/\/www.institutafriquemonde.org\/#website","url":"https:\/\/www.institutafriquemonde.org\/","name":"Institut Afrique Monde","description":"&quot;L&#039;audace, unique d\u00e9fi pour une Afrique nouvelle&quot;","publisher":{"@id":"https:\/\/www.institutafriquemonde.org\/#organization"},"potentialAction":[{"@type":"SearchAction","target":{"@type":"EntryPoint","urlTemplate":"https:\/\/www.institutafriquemonde.org\/?s={search_term_string}"},"query-input":{"@type":"PropertyValueSpecification","valueRequired":true,"valueName":"search_term_string"}}],"inLanguage":"fr-FR"},{"@type":"Organization","@id":"https:\/\/www.institutafriquemonde.org\/#organization","name":"Institut Afrique Monde","url":"https:\/\/www.institutafriquemonde.org\/","logo":{"@type":"ImageObject","inLanguage":"fr-FR","@id":"https:\/\/www.institutafriquemonde.org\/#\/schema\/logo\/image\/","url":"https:\/\/www.institutafriquemonde.org\/wp-content\/uploads\/2019\/09\/LogoIAM_225x140.png","contentUrl":"https:\/\/www.institutafriquemonde.org\/wp-content\/uploads\/2019\/09\/LogoIAM_225x140.png","width":204,"height":140,"caption":"Institut Afrique Monde"},"image":{"@id":"https:\/\/www.institutafriquemonde.org\/#\/schema\/logo\/image\/"}}]}},"_links":{"self":[{"href":"https:\/\/www.institutafriquemonde.org\/index.php\/wp-json\/wp\/v2\/pages\/26","targetHints":{"allow":["GET"]}}],"collection":[{"href":"https:\/\/www.institutafriquemonde.org\/index.php\/wp-json\/wp\/v2\/pages"}],"about":[{"href":"https:\/\/www.institutafriquemonde.org\/index.php\/wp-json\/wp\/v2\/types\/page"}],"author":[{"embeddable":true,"href":"https:\/\/www.institutafriquemonde.org\/index.php\/wp-json\/wp\/v2\/users\/1"}],"replies":[{"embeddable":true,"href":"https:\/\/www.institutafriquemonde.org\/index.php\/wp-json\/wp\/v2\/comments?post=26"}],"version-history":[{"count":9,"href":"https:\/\/www.institutafriquemonde.org\/index.php\/wp-json\/wp\/v2\/pages\/26\/revisions"}],"predecessor-version":[{"id":1364,"href":"https:\/\/www.institutafriquemonde.org\/index.php\/wp-json\/wp\/v2\/pages\/26\/revisions\/1364"}],"wp:attachment":[{"href":"https:\/\/www.institutafriquemonde.org\/index.php\/wp-json\/wp\/v2\/media?parent=26"}],"curies":[{"name":"wp","href":"https:\/\/api.w.org\/{rel}","templated":true}]}}