{"id":41,"date":"2019-04-11T12:56:09","date_gmt":"2019-04-11T10:56:09","guid":{"rendered":"http:\/\/www.institutafriquemonde.org\/?page_id=41"},"modified":"2025-10-26T01:04:22","modified_gmt":"2025-10-25T23:04:22","slug":"organisation-de-l-iam","status":"publish","type":"page","link":"https:\/\/www.institutafriquemonde.org\/index.php\/organisation-de-l-iam\/","title":{"rendered":"Organisation de l&rsquo;IAM"},"content":{"rendered":"<h2><strong>Comit\u00e9 de parrainage<\/strong><\/h2>\n<p>Michel CAMDESSUS, Ancien directeur du F.M.I, membre de l&rsquo;<em>African Panel Progress<\/em><\/p>\n<p>Henriette&nbsp;DAGRI-DIABATE&nbsp;Grande Chancelli\u00e8re des Ordres Nationaux de C\u00f4te d&rsquo;Ivoire<\/p>\n<p>Henri SENGHOR, Ambassadeur honoraire du S\u00e9n\u00e9gal<\/p>\n<h2>Les parrains qui nous ont quitt\u00e9s<\/h2>\n<p>Denis MAUGENEST, Ancien Vice recteur de l&rsquo;Universit\u00e9 catholique d&rsquo;Afrique centrale (Cameroun), Ancien Directeur du CERAP (C\u00f4te d&rsquo;Ivoire)<\/p>\n<p>Pr. Albert TEVOEDJRE, Ancien M\u00e9diateur de la R\u00e9publique du B\u00e9nin<\/p>\n<h2><strong>Conseil d&rsquo;administration<\/strong><\/h2>\n<p><strong>Pr\u00e9sidente :<\/strong> Denise HOUPHOU\u00cbT-BOIGNY<\/p>\n<p><strong>1er Vice-Pr\u00e9sident :<\/strong> St\u00e9phane GOMPERTZ<\/p>\n<p><strong>2e Vice-Pr\u00e9sident :<\/strong> Emile Moselly BATAMACK<\/p>\n<p><strong>Tr\u00e9sori\u00e8re :<\/strong> Liliane DOUKOUR\u00c9<\/p>\n<p><strong>Tr\u00e9sori\u00e8re adjointe :<\/strong> Hongbing YANG<\/p>\n<p><strong>Secr\u00e9taire :<\/strong> Claude MUSAVYI<\/p>\n<p><strong>Membres :<\/strong><\/p>\n<ul>\n<li>Pierre PAPON<\/li>\n<li>Mathurin DOUMB\u00c9-\u00c9P\u00c9E<\/li>\n<li>Jean-Pierre ALLOUCHERY<\/li>\n<li>Jean-Marc SIMON<\/li>\n<li>Jean-Pierre LISTRE<\/li>\n<li>Olivier CUPERLIER<\/li>\n<li>Pascal HOUENOU<\/li>\n<\/ul>\n<h2><strong>Conseil d&rsquo;Orientation<\/strong><\/h2>\n<p><strong>Directeur des Programmes :<\/strong> Camille KUYU<\/p>\n<p><strong>Directeur adjoint :<\/strong> Emile Moselly BATAMACK<\/p>\n<p><strong>Membres :<\/strong> Olivier CUPERLIER, Hongbing YANG, Liliane DOUKOUR\u00c9, Claude MUSAVYI, Nicolas KLINGELSCHMITT&nbsp;<\/p>\n<h2><strong>Contact g\u00e9n\u00e9ral<\/strong><\/h2>\n<p><a href=\"mailto:contact@institutafriquemonde.org\" rel=\"noreferrer\">contact@institutafriquemonde.org<\/a><\/p>\n<p><strong>Adresse :<\/strong> 42 rue de Grenelle 75007- Paris\/France<\/p>\n","protected":false},"excerpt":{"rendered":"<p>Comit\u00e9 de parrainage Michel CAMDESSUS, Ancien directeur du F.M.I, membre de l&rsquo;African Panel Progress Henriette&nbsp;DAGRI-DIABATE&nbsp;Grande Chancelli\u00e8re des Ordres Nationaux de C\u00f4te d&rsquo;Ivoire Henri SENGHOR, Ambassadeur honoraire du S\u00e9n\u00e9gal Les parrains qui nous ont quitt\u00e9s Denis MAUGENEST, Ancien Vice recteur de l&rsquo;Universit\u00e9 catholique d&rsquo;Afrique centrale (Cameroun), Ancien Directeur du CERAP (C\u00f4te d&rsquo;Ivoire) Pr. Albert TEVOEDJRE, Ancien [&hellip;]<\/p>\n","protected":false},"author":1,"featured_media":0,"parent":0,"menu_order":0,"comment_status":"closed","ping_status":"closed","template":"","meta":{"ngg_post_thumbnail":0,"footnotes":""},"class_list":["post-41","page","type-page","status-publish","hentry","post"],"yoast_head":"<!-- This site is optimized with the Yoast SEO plugin v26.1.1 - https:\/\/yoast.com\/wordpress\/plugins\/seo\/ -->\n<title>Organisation de l&#039;IAM - Institut Afrique Monde<\/title>\n<meta name=\"description\" content=\"Description de l&#039;oganisation de l&#039;IAM.Composition du comit\u00e9 de parrainage du conseil d&#039;administration et du conseil d&#039;orientation.\" \/>\n<meta name=\"robots\" content=\"index, follow, max-snippet:-1, max-image-preview:large, max-video-preview:-1\" \/>\n<link rel=\"canonical\" href=\"https:\/\/www.institutafriquemonde.org\/index.php\/organisation-de-l-iam\/\" \/>\n<meta property=\"og:locale\" content=\"fr_FR\" \/>\n<meta property=\"og:type\" content=\"article\" \/>\n<meta property=\"og:title\" content=\"Organisation de l&#039;IAM - Institut Afrique Monde\" \/>\n<meta property=\"og:description\" content=\"Description de l&#039;oganisation de l&#039;IAM.Composition du comit\u00e9 de parrainage du conseil d&#039;administration et du conseil d&#039;orientation.\" \/>\n<meta property=\"og:url\" content=\"https:\/\/www.institutafriquemonde.org\/index.php\/organisation-de-l-iam\/\" \/>\n<meta property=\"og:site_name\" content=\"Institut Afrique Monde\" \/>\n<meta property=\"article:modified_time\" content=\"2025-10-25T23:04:22+00:00\" \/>\n<meta name=\"twitter:card\" content=\"summary_large_image\" \/>\n<meta name=\"twitter:label1\" content=\"Dur\u00e9e de lecture estim\u00e9e\" \/>\n\t<meta name=\"twitter:data1\" content=\"1 minute\" \/>\n<script type=\"application\/ld+json\" class=\"yoast-schema-graph\">{\"@context\":\"https:\/\/schema.org\",\"@graph\":[{\"@type\":\"WebPage\",\"@id\":\"https:\/\/www.institutafriquemonde.org\/index.php\/organisation-de-l-iam\/\",\"url\":\"https:\/\/www.institutafriquemonde.org\/index.php\/organisation-de-l-iam\/\",\"name\":\"Organisation de l'IAM - Institut Afrique Monde\",\"isPartOf\":{\"@id\":\"https:\/\/www.institutafriquemonde.org\/#website\"},\"datePublished\":\"2019-04-11T10:56:09+00:00\",\"dateModified\":\"2025-10-25T23:04:22+00:00\",\"description\":\"Description de l'oganisation de l'IAM.Composition du comit\u00e9 de parrainage du conseil d'administration et du conseil d'orientation.\",\"breadcrumb\":{\"@id\":\"https:\/\/www.institutafriquemonde.org\/index.php\/organisation-de-l-iam\/#breadcrumb\"},\"inLanguage\":\"fr-FR\",\"potentialAction\":[{\"@type\":\"ReadAction\",\"target\":[\"https:\/\/www.institutafriquemonde.org\/index.php\/organisation-de-l-iam\/\"]}]},{\"@type\":\"BreadcrumbList\",\"@id\":\"https:\/\/www.institutafriquemonde.org\/index.php\/organisation-de-l-iam\/#breadcrumb\",\"itemListElement\":[{\"@type\":\"ListItem\",\"position\":1,\"name\":\"Accueil\",\"item\":\"https:\/\/www.institutafriquemonde.org\/\"},{\"@type\":\"ListItem\",\"position\":2,\"name\":\"Organisation de l&rsquo;IAM\"}]},{\"@type\":\"WebSite\",\"@id\":\"https:\/\/www.institutafriquemonde.org\/#website\",\"url\":\"https:\/\/www.institutafriquemonde.org\/\",\"name\":\"Institut Afrique Monde\",\"description\":\"&quot;L&#039;audace, unique d\u00e9fi pour une Afrique nouvelle&quot;\",\"publisher\":{\"@id\":\"https:\/\/www.institutafriquemonde.org\/#organization\"},\"potentialAction\":[{\"@type\":\"SearchAction\",\"target\":{\"@type\":\"EntryPoint\",\"urlTemplate\":\"https:\/\/www.institutafriquemonde.org\/?s={search_term_string}\"},\"query-input\":{\"@type\":\"PropertyValueSpecification\",\"valueRequired\":true,\"valueName\":\"search_term_string\"}}],\"inLanguage\":\"fr-FR\"},{\"@type\":\"Organization\",\"@id\":\"https:\/\/www.institutafriquemonde.org\/#organization\",\"name\":\"Institut Afrique Monde\",\"url\":\"https:\/\/www.institutafriquemonde.org\/\",\"logo\":{\"@type\":\"ImageObject\",\"inLanguage\":\"fr-FR\",\"@id\":\"https:\/\/www.institutafriquemonde.org\/#\/schema\/logo\/image\/\",\"url\":\"https:\/\/www.institutafriquemonde.org\/wp-content\/uploads\/2019\/09\/LogoIAM_225x140.png\",\"contentUrl\":\"https:\/\/www.institutafriquemonde.org\/wp-content\/uploads\/2019\/09\/LogoIAM_225x140.png\",\"width\":204,\"height\":140,\"caption\":\"Institut Afrique Monde\"},\"image\":{\"@id\":\"https:\/\/www.institutafriquemonde.org\/#\/schema\/logo\/image\/\"}}]}<\/script>\n<!-- \/ Yoast SEO plugin. -->","yoast_head_json":{"title":"Organisation de l'IAM - Institut Afrique Monde","description":"Description de l'oganisation de l'IAM.Composition du comit\u00e9 de parrainage du conseil d'administration et du conseil d'orientation.","robots":{"index":"index","follow":"follow","max-snippet":"max-snippet:-1","max-image-preview":"max-image-preview:large","max-video-preview":"max-video-preview:-1"},"canonical":"https:\/\/www.institutafriquemonde.org\/index.php\/organisation-de-l-iam\/","og_locale":"fr_FR","og_type":"article","og_title":"Organisation de l'IAM - Institut Afrique Monde","og_description":"Description de l'oganisation de l'IAM.Composition du comit\u00e9 de parrainage du conseil d'administration et du conseil d'orientation.","og_url":"https:\/\/www.institutafriquemonde.org\/index.php\/organisation-de-l-iam\/","og_site_name":"Institut Afrique Monde","article_modified_time":"2025-10-25T23:04:22+00:00","twitter_card":"summary_large_image","twitter_misc":{"Dur\u00e9e de lecture estim\u00e9e":"1 minute"},"schema":{"@context":"https:\/\/schema.org","@graph":[{"@type":"WebPage","@id":"https:\/\/www.institutafriquemonde.org\/index.php\/organisation-de-l-iam\/","url":"https:\/\/www.institutafriquemonde.org\/index.php\/organisation-de-l-iam\/","name":"Organisation de l'IAM - Institut Afrique Monde","isPartOf":{"@id":"https:\/\/www.institutafriquemonde.org\/#website"},"datePublished":"2019-04-11T10:56:09+00:00","dateModified":"2025-10-25T23:04:22+00:00","description":"Description de l'oganisation de l'IAM.Composition du comit\u00e9 de parrainage du conseil d'administration et du conseil d'orientation.","breadcrumb":{"@id":"https:\/\/www.institutafriquemonde.org\/index.php\/organisation-de-l-iam\/#breadcrumb"},"inLanguage":"fr-FR","potentialAction":[{"@type":"ReadAction","target":["https:\/\/www.institutafriquemonde.org\/index.php\/organisation-de-l-iam\/"]}]},{"@type":"BreadcrumbList","@id":"https:\/\/www.institutafriquemonde.org\/index.php\/organisation-de-l-iam\/#breadcrumb","itemListElement":[{"@type":"ListItem","position":1,"name":"Accueil","item":"https:\/\/www.institutafriquemonde.org\/"},{"@type":"ListItem","position":2,"name":"Organisation de l&rsquo;IAM"}]},{"@type":"WebSite","@id":"https:\/\/www.institutafriquemonde.org\/#website","url":"https:\/\/www.institutafriquemonde.org\/","name":"Institut Afrique Monde","description":"&quot;L&#039;audace, unique d\u00e9fi pour une Afrique nouvelle&quot;","publisher":{"@id":"https:\/\/www.institutafriquemonde.org\/#organization"},"potentialAction":[{"@type":"SearchAction","target":{"@type":"EntryPoint","urlTemplate":"https:\/\/www.institutafriquemonde.org\/?s={search_term_string}"},"query-input":{"@type":"PropertyValueSpecification","valueRequired":true,"valueName":"search_term_string"}}],"inLanguage":"fr-FR"},{"@type":"Organization","@id":"https:\/\/www.institutafriquemonde.org\/#organization","name":"Institut Afrique Monde","url":"https:\/\/www.institutafriquemonde.org\/","logo":{"@type":"ImageObject","inLanguage":"fr-FR","@id":"https:\/\/www.institutafriquemonde.org\/#\/schema\/logo\/image\/","url":"https:\/\/www.institutafriquemonde.org\/wp-content\/uploads\/2019\/09\/LogoIAM_225x140.png","contentUrl":"https:\/\/www.institutafriquemonde.org\/wp-content\/uploads\/2019\/09\/LogoIAM_225x140.png","width":204,"height":140,"caption":"Institut Afrique Monde"},"image":{"@id":"https:\/\/www.institutafriquemonde.org\/#\/schema\/logo\/image\/"}}]}},"_links":{"self":[{"href":"https:\/\/www.institutafriquemonde.org\/index.php\/wp-json\/wp\/v2\/pages\/41","targetHints":{"allow":["GET"]}}],"collection":[{"href":"https:\/\/www.institutafriquemonde.org\/index.php\/wp-json\/wp\/v2\/pages"}],"about":[{"href":"https:\/\/www.institutafriquemonde.org\/index.php\/wp-json\/wp\/v2\/types\/page"}],"author":[{"embeddable":true,"href":"https:\/\/www.institutafriquemonde.org\/index.php\/wp-json\/wp\/v2\/users\/1"}],"replies":[{"embeddable":true,"href":"https:\/\/www.institutafriquemonde.org\/index.php\/wp-json\/wp\/v2\/comments?post=41"}],"version-history":[{"count":14,"href":"https:\/\/www.institutafriquemonde.org\/index.php\/wp-json\/wp\/v2\/pages\/41\/revisions"}],"predecessor-version":[{"id":2265,"href":"https:\/\/www.institutafriquemonde.org\/index.php\/wp-json\/wp\/v2\/pages\/41\/revisions\/2265"}],"wp:attachment":[{"href":"https:\/\/www.institutafriquemonde.org\/index.php\/wp-json\/wp\/v2\/media?parent=41"}],"curies":[{"name":"wp","href":"https:\/\/api.w.org\/{rel}","templated":true}]}}