{"id":56,"date":"2019-04-11T13:25:21","date_gmt":"2019-04-11T11:25:21","guid":{"rendered":"http:\/\/www.institutafriquemonde.org\/?page_id=56"},"modified":"2020-01-20T09:33:01","modified_gmt":"2020-01-20T08:33:01","slug":"education-innovation-communication","status":"publish","type":"page","link":"https:\/\/www.institutafriquemonde.org\/index.php\/les-poles\/education-innovation-communication\/","title":{"rendered":"\u00c9ducation, Innovation &#038; Communication"},"content":{"rendered":"<p>L\u2019\u00e9ducation est l\u2019un des d\u00e9fis les plus importants &nbsp;en Afrique. Le p\u00f4le \u00ab\u00a0\u00c9ducation, Innovation &amp; Communication\u00a0\u00bb &nbsp;se veut d\u2019abord un lieu de r\u00e9flexion et de production des connaissances sur l\u2019\u00e9cole et l\u2019universit\u00e9 comme lieux d\u2019apprentissage, de production et de&nbsp; transfert des savoirs et des technologies adapt\u00e9s aux contraintes actuelles de l\u2019Afrique. Le num\u00e9rique, en tant que puissant outil de communication et de d\u00e9veloppement est au c\u0153ur des travaux du p\u00f4le. Les autres axes de travail et de recherche sont &nbsp;l\u2019\u00e9ducation non formelle, l\u2019\u00e9ducation traditionnelle, l\u2019\u00e9ducation au fait religieux et \u00e0 la citoyennet\u00e9 du monde, l\u2019\u00e9ducation \u00e0 l\u2019hygi\u00e8ne num\u00e9rique, et l\u2019\u00e9ducation \u00e0 la protection de l\u2019environnement.<\/p>\n<p><strong>Responsable :<\/strong> Camille kuyu &#8211; assist\u00e9 de Seiko Yoshida<\/p>\n<p><strong>Membres :<\/strong> \u00c9mile Moselly Batamack<\/p>\n","protected":false},"excerpt":{"rendered":"<p>L\u2019\u00e9ducation est l\u2019un des d\u00e9fis les plus importants &nbsp;en Afrique. Le p\u00f4le \u00ab\u00a0\u00c9ducation, Innovation &amp; Communication\u00a0\u00bb &nbsp;se veut d\u2019abord un lieu de r\u00e9flexion et de production des connaissances sur l\u2019\u00e9cole et l\u2019universit\u00e9 comme lieux d\u2019apprentissage, de production et de&nbsp; transfert des savoirs et des technologies adapt\u00e9s aux contraintes actuelles de l\u2019Afrique. Le num\u00e9rique, en tant [&hellip;]<\/p>\n","protected":false},"author":1,"featured_media":1326,"parent":248,"menu_order":0,"comment_status":"closed","ping_status":"closed","template":"","meta":{"ngg_post_thumbnail":0,"footnotes":""},"class_list":["post-56","page","type-page","status-publish","has-post-thumbnail","hentry","post"],"yoast_head":"<!-- This site is optimized with the Yoast SEO plugin v26.1.1 - https:\/\/yoast.com\/wordpress\/plugins\/seo\/ -->\n<title>\u00c9ducation, Innovation &amp; Communication - Institut Afrique Monde<\/title>\n<meta name=\"robots\" content=\"index, follow, max-snippet:-1, max-image-preview:large, max-video-preview:-1\" \/>\n<link rel=\"canonical\" href=\"https:\/\/www.institutafriquemonde.org\/index.php\/les-poles\/education-innovation-communication\/\" \/>\n<meta property=\"og:locale\" content=\"fr_FR\" \/>\n<meta property=\"og:type\" content=\"article\" \/>\n<meta property=\"og:title\" content=\"\u00c9ducation, Innovation &amp; Communication - Institut Afrique Monde\" \/>\n<meta property=\"og:description\" content=\"L\u2019\u00e9ducation est l\u2019un des d\u00e9fis les plus importants &nbsp;en Afrique. Le p\u00f4le \u00ab\u00a0\u00c9ducation, Innovation &amp; Communication\u00a0\u00bb &nbsp;se veut d\u2019abord un lieu de r\u00e9flexion et de production des connaissances sur l\u2019\u00e9cole et l\u2019universit\u00e9 comme lieux d\u2019apprentissage, de production et de&nbsp; transfert des savoirs et des technologies adapt\u00e9s aux contraintes actuelles de l\u2019Afrique. Le num\u00e9rique, en tant [&hellip;]\" \/>\n<meta property=\"og:url\" content=\"https:\/\/www.institutafriquemonde.org\/index.php\/les-poles\/education-innovation-communication\/\" \/>\n<meta property=\"og:site_name\" content=\"Institut Afrique Monde\" \/>\n<meta property=\"article:modified_time\" content=\"2020-01-20T08:33:01+00:00\" \/>\n<meta property=\"og:image\" content=\"https:\/\/www.institutafriquemonde.org\/wp-content\/uploads\/2020\/01\/library-488690_1920.jpg\" \/>\n\t<meta property=\"og:image:width\" content=\"1920\" \/>\n\t<meta property=\"og:image:height\" content=\"1279\" \/>\n\t<meta property=\"og:image:type\" content=\"image\/jpeg\" \/>\n<meta name=\"twitter:card\" content=\"summary_large_image\" \/>\n<meta name=\"twitter:label1\" content=\"Dur\u00e9e de lecture estim\u00e9e\" \/>\n\t<meta name=\"twitter:data1\" content=\"1 minute\" \/>\n<script type=\"application\/ld+json\" class=\"yoast-schema-graph\">{\"@context\":\"https:\/\/schema.org\",\"@graph\":[{\"@type\":\"WebPage\",\"@id\":\"https:\/\/www.institutafriquemonde.org\/index.php\/les-poles\/education-innovation-communication\/\",\"url\":\"https:\/\/www.institutafriquemonde.org\/index.php\/les-poles\/education-innovation-communication\/\",\"name\":\"\u00c9ducation, Innovation & Communication - Institut Afrique Monde\",\"isPartOf\":{\"@id\":\"https:\/\/www.institutafriquemonde.org\/#website\"},\"primaryImageOfPage\":{\"@id\":\"https:\/\/www.institutafriquemonde.org\/index.php\/les-poles\/education-innovation-communication\/#primaryimage\"},\"image\":{\"@id\":\"https:\/\/www.institutafriquemonde.org\/index.php\/les-poles\/education-innovation-communication\/#primaryimage\"},\"thumbnailUrl\":\"https:\/\/www.institutafriquemonde.org\/wp-content\/uploads\/2020\/01\/library-488690_1920.jpg\",\"datePublished\":\"2019-04-11T11:25:21+00:00\",\"dateModified\":\"2020-01-20T08:33:01+00:00\",\"breadcrumb\":{\"@id\":\"https:\/\/www.institutafriquemonde.org\/index.php\/les-poles\/education-innovation-communication\/#breadcrumb\"},\"inLanguage\":\"fr-FR\",\"potentialAction\":[{\"@type\":\"ReadAction\",\"target\":[\"https:\/\/www.institutafriquemonde.org\/index.php\/les-poles\/education-innovation-communication\/\"]}]},{\"@type\":\"ImageObject\",\"inLanguage\":\"fr-FR\",\"@id\":\"https:\/\/www.institutafriquemonde.org\/index.php\/les-poles\/education-innovation-communication\/#primaryimage\",\"url\":\"https:\/\/www.institutafriquemonde.org\/wp-content\/uploads\/2020\/01\/library-488690_1920.jpg\",\"contentUrl\":\"https:\/\/www.institutafriquemonde.org\/wp-content\/uploads\/2020\/01\/library-488690_1920.jpg\",\"width\":1920,\"height\":1279},{\"@type\":\"BreadcrumbList\",\"@id\":\"https:\/\/www.institutafriquemonde.org\/index.php\/les-poles\/education-innovation-communication\/#breadcrumb\",\"itemListElement\":[{\"@type\":\"ListItem\",\"position\":1,\"name\":\"Accueil\",\"item\":\"https:\/\/www.institutafriquemonde.org\/\"},{\"@type\":\"ListItem\",\"position\":2,\"name\":\"Les P\u00f4les\",\"item\":\"https:\/\/www.institutafriquemonde.org\/index.php\/les-poles\/\"},{\"@type\":\"ListItem\",\"position\":3,\"name\":\"\u00c9ducation, Innovation &#038; Communication\"}]},{\"@type\":\"WebSite\",\"@id\":\"https:\/\/www.institutafriquemonde.org\/#website\",\"url\":\"https:\/\/www.institutafriquemonde.org\/\",\"name\":\"Institut Afrique Monde\",\"description\":\"&quot;L&#039;audace, unique d\u00e9fi pour une Afrique nouvelle&quot;\",\"publisher\":{\"@id\":\"https:\/\/www.institutafriquemonde.org\/#organization\"},\"potentialAction\":[{\"@type\":\"SearchAction\",\"target\":{\"@type\":\"EntryPoint\",\"urlTemplate\":\"https:\/\/www.institutafriquemonde.org\/?s={search_term_string}\"},\"query-input\":{\"@type\":\"PropertyValueSpecification\",\"valueRequired\":true,\"valueName\":\"search_term_string\"}}],\"inLanguage\":\"fr-FR\"},{\"@type\":\"Organization\",\"@id\":\"https:\/\/www.institutafriquemonde.org\/#organization\",\"name\":\"Institut Afrique Monde\",\"url\":\"https:\/\/www.institutafriquemonde.org\/\",\"logo\":{\"@type\":\"ImageObject\",\"inLanguage\":\"fr-FR\",\"@id\":\"https:\/\/www.institutafriquemonde.org\/#\/schema\/logo\/image\/\",\"url\":\"https:\/\/www.institutafriquemonde.org\/wp-content\/uploads\/2019\/09\/LogoIAM_225x140.png\",\"contentUrl\":\"https:\/\/www.institutafriquemonde.org\/wp-content\/uploads\/2019\/09\/LogoIAM_225x140.png\",\"width\":204,\"height\":140,\"caption\":\"Institut Afrique Monde\"},\"image\":{\"@id\":\"https:\/\/www.institutafriquemonde.org\/#\/schema\/logo\/image\/\"}}]}<\/script>\n<!-- \/ Yoast SEO plugin. -->","yoast_head_json":{"title":"\u00c9ducation, Innovation & Communication - Institut Afrique Monde","robots":{"index":"index","follow":"follow","max-snippet":"max-snippet:-1","max-image-preview":"max-image-preview:large","max-video-preview":"max-video-preview:-1"},"canonical":"https:\/\/www.institutafriquemonde.org\/index.php\/les-poles\/education-innovation-communication\/","og_locale":"fr_FR","og_type":"article","og_title":"\u00c9ducation, Innovation & Communication - Institut Afrique Monde","og_description":"L\u2019\u00e9ducation est l\u2019un des d\u00e9fis les plus importants &nbsp;en Afrique. Le p\u00f4le \u00ab\u00a0\u00c9ducation, Innovation &amp; Communication\u00a0\u00bb &nbsp;se veut d\u2019abord un lieu de r\u00e9flexion et de production des connaissances sur l\u2019\u00e9cole et l\u2019universit\u00e9 comme lieux d\u2019apprentissage, de production et de&nbsp; transfert des savoirs et des technologies adapt\u00e9s aux contraintes actuelles de l\u2019Afrique. Le num\u00e9rique, en tant [&hellip;]","og_url":"https:\/\/www.institutafriquemonde.org\/index.php\/les-poles\/education-innovation-communication\/","og_site_name":"Institut Afrique Monde","article_modified_time":"2020-01-20T08:33:01+00:00","og_image":[{"width":1920,"height":1279,"url":"https:\/\/www.institutafriquemonde.org\/wp-content\/uploads\/2020\/01\/library-488690_1920.jpg","type":"image\/jpeg"}],"twitter_card":"summary_large_image","twitter_misc":{"Dur\u00e9e de lecture estim\u00e9e":"1 minute"},"schema":{"@context":"https:\/\/schema.org","@graph":[{"@type":"WebPage","@id":"https:\/\/www.institutafriquemonde.org\/index.php\/les-poles\/education-innovation-communication\/","url":"https:\/\/www.institutafriquemonde.org\/index.php\/les-poles\/education-innovation-communication\/","name":"\u00c9ducation, Innovation & Communication - Institut Afrique Monde","isPartOf":{"@id":"https:\/\/www.institutafriquemonde.org\/#website"},"primaryImageOfPage":{"@id":"https:\/\/www.institutafriquemonde.org\/index.php\/les-poles\/education-innovation-communication\/#primaryimage"},"image":{"@id":"https:\/\/www.institutafriquemonde.org\/index.php\/les-poles\/education-innovation-communication\/#primaryimage"},"thumbnailUrl":"https:\/\/www.institutafriquemonde.org\/wp-content\/uploads\/2020\/01\/library-488690_1920.jpg","datePublished":"2019-04-11T11:25:21+00:00","dateModified":"2020-01-20T08:33:01+00:00","breadcrumb":{"@id":"https:\/\/www.institutafriquemonde.org\/index.php\/les-poles\/education-innovation-communication\/#breadcrumb"},"inLanguage":"fr-FR","potentialAction":[{"@type":"ReadAction","target":["https:\/\/www.institutafriquemonde.org\/index.php\/les-poles\/education-innovation-communication\/"]}]},{"@type":"ImageObject","inLanguage":"fr-FR","@id":"https:\/\/www.institutafriquemonde.org\/index.php\/les-poles\/education-innovation-communication\/#primaryimage","url":"https:\/\/www.institutafriquemonde.org\/wp-content\/uploads\/2020\/01\/library-488690_1920.jpg","contentUrl":"https:\/\/www.institutafriquemonde.org\/wp-content\/uploads\/2020\/01\/library-488690_1920.jpg","width":1920,"height":1279},{"@type":"BreadcrumbList","@id":"https:\/\/www.institutafriquemonde.org\/index.php\/les-poles\/education-innovation-communication\/#breadcrumb","itemListElement":[{"@type":"ListItem","position":1,"name":"Accueil","item":"https:\/\/www.institutafriquemonde.org\/"},{"@type":"ListItem","position":2,"name":"Les P\u00f4les","item":"https:\/\/www.institutafriquemonde.org\/index.php\/les-poles\/"},{"@type":"ListItem","position":3,"name":"\u00c9ducation, Innovation &#038; Communication"}]},{"@type":"WebSite","@id":"https:\/\/www.institutafriquemonde.org\/#website","url":"https:\/\/www.institutafriquemonde.org\/","name":"Institut Afrique Monde","description":"&quot;L&#039;audace, unique d\u00e9fi pour une Afrique nouvelle&quot;","publisher":{"@id":"https:\/\/www.institutafriquemonde.org\/#organization"},"potentialAction":[{"@type":"SearchAction","target":{"@type":"EntryPoint","urlTemplate":"https:\/\/www.institutafriquemonde.org\/?s={search_term_string}"},"query-input":{"@type":"PropertyValueSpecification","valueRequired":true,"valueName":"search_term_string"}}],"inLanguage":"fr-FR"},{"@type":"Organization","@id":"https:\/\/www.institutafriquemonde.org\/#organization","name":"Institut Afrique Monde","url":"https:\/\/www.institutafriquemonde.org\/","logo":{"@type":"ImageObject","inLanguage":"fr-FR","@id":"https:\/\/www.institutafriquemonde.org\/#\/schema\/logo\/image\/","url":"https:\/\/www.institutafriquemonde.org\/wp-content\/uploads\/2019\/09\/LogoIAM_225x140.png","contentUrl":"https:\/\/www.institutafriquemonde.org\/wp-content\/uploads\/2019\/09\/LogoIAM_225x140.png","width":204,"height":140,"caption":"Institut Afrique Monde"},"image":{"@id":"https:\/\/www.institutafriquemonde.org\/#\/schema\/logo\/image\/"}}]}},"_links":{"self":[{"href":"https:\/\/www.institutafriquemonde.org\/index.php\/wp-json\/wp\/v2\/pages\/56","targetHints":{"allow":["GET"]}}],"collection":[{"href":"https:\/\/www.institutafriquemonde.org\/index.php\/wp-json\/wp\/v2\/pages"}],"about":[{"href":"https:\/\/www.institutafriquemonde.org\/index.php\/wp-json\/wp\/v2\/types\/page"}],"author":[{"embeddable":true,"href":"https:\/\/www.institutafriquemonde.org\/index.php\/wp-json\/wp\/v2\/users\/1"}],"replies":[{"embeddable":true,"href":"https:\/\/www.institutafriquemonde.org\/index.php\/wp-json\/wp\/v2\/comments?post=56"}],"version-history":[{"count":6,"href":"https:\/\/www.institutafriquemonde.org\/index.php\/wp-json\/wp\/v2\/pages\/56\/revisions"}],"predecessor-version":[{"id":1023,"href":"https:\/\/www.institutafriquemonde.org\/index.php\/wp-json\/wp\/v2\/pages\/56\/revisions\/1023"}],"up":[{"embeddable":true,"href":"https:\/\/www.institutafriquemonde.org\/index.php\/wp-json\/wp\/v2\/pages\/248"}],"wp:featuredmedia":[{"embeddable":true,"href":"https:\/\/www.institutafriquemonde.org\/index.php\/wp-json\/wp\/v2\/media\/1326"}],"wp:attachment":[{"href":"https:\/\/www.institutafriquemonde.org\/index.php\/wp-json\/wp\/v2\/media?parent=56"}],"curies":[{"name":"wp","href":"https:\/\/api.w.org\/{rel}","templated":true}]}}