{"id":615,"date":"2019-09-05T16:51:11","date_gmt":"2019-09-05T14:51:11","guid":{"rendered":"http:\/\/www.institutafriquemonde.org\/?page_id=615"},"modified":"2019-09-21T15:06:42","modified_gmt":"2019-09-21T13:06:42","slug":"societies-cultures-and-spiritualities","status":"publish","type":"page","link":"https:\/\/www.institutafriquemonde.org\/index.php\/en\/the-poles\/societies-cultures-and-spiritualities\/","title":{"rendered":"Art, Culture, Religion \u2013 Spirituality, Research &#038; Publishing"},"content":{"rendered":"<p>To enlighten on the theoretical and practical level the different fields of activity of the spirit of the world of Art, Culture, the enrichment of intercultural, interreligious and spiritual dialogue; to conduct research and contribute to the publication of works. This cluster also conducts prospective monitoring on methods, techniques and tools that can be mobilized, on how to design and articulate knowledge, know-how and knowledge for action: prospective analysis, the role of culture and social activities, strategic use of information, project design and implementation and diffusion.<\/p>\n<p><strong>Responsible:<\/strong> \u00c9mile Moselly Batamack &#8211; assisted by Claude Musavyi<\/p>\n<p><strong>Members:<\/strong> C\u00e9cile Cal\u00e9, Diakit\u00e9 Prats, Seiko Yoshida<\/p>\n","protected":false},"excerpt":{"rendered":"<p>To enlighten on the theoretical and practical level the different fields of activity of the spirit of the world of Art, Culture, the enrichment of intercultural, interreligious and spiritual dialogue; to conduct research and contribute to the publication of works. This cluster also conducts prospective monitoring on methods, techniques and tools that can be mobilized, [&hellip;]<\/p>\n","protected":false},"author":1,"featured_media":946,"parent":617,"menu_order":0,"comment_status":"closed","ping_status":"closed","template":"","meta":{"ngg_post_thumbnail":0,"footnotes":""},"class_list":["post-615","page","type-page","status-publish","has-post-thumbnail","hentry","post"],"yoast_head":"<!-- This site is optimized with the Yoast SEO plugin v26.1.1 - https:\/\/yoast.com\/wordpress\/plugins\/seo\/ -->\n<title>Art, Culture, Religion \u2013 Spirituality, Research &amp; Publishing - Institut Afrique Monde<\/title>\n<meta name=\"robots\" content=\"index, follow, max-snippet:-1, max-image-preview:large, max-video-preview:-1\" \/>\n<link rel=\"canonical\" href=\"https:\/\/www.institutafriquemonde.org\/index.php\/en\/the-poles\/societies-cultures-and-spiritualities\/\" \/>\n<meta property=\"og:locale\" content=\"fr_FR\" \/>\n<meta property=\"og:type\" content=\"article\" \/>\n<meta property=\"og:title\" content=\"Art, Culture, Religion \u2013 Spirituality, Research &amp; Publishing - Institut Afrique Monde\" \/>\n<meta property=\"og:description\" content=\"To enlighten on the theoretical and practical level the different fields of activity of the spirit of the world of Art, Culture, the enrichment of intercultural, interreligious and spiritual dialogue; to conduct research and contribute to the publication of works. This cluster also conducts prospective monitoring on methods, techniques and tools that can be mobilized, [&hellip;]\" \/>\n<meta property=\"og:url\" content=\"https:\/\/www.institutafriquemonde.org\/index.php\/en\/the-poles\/societies-cultures-and-spiritualities\/\" \/>\n<meta property=\"og:site_name\" content=\"Institut Afrique Monde\" \/>\n<meta property=\"article:modified_time\" content=\"2019-09-21T13:06:42+00:00\" \/>\n<meta property=\"og:image\" content=\"https:\/\/www.institutafriquemonde.org\/wp-content\/uploads\/2019\/09\/dove-3426159_960_720.jpg\" \/>\n\t<meta property=\"og:image:width\" content=\"960\" \/>\n\t<meta property=\"og:image:height\" content=\"640\" \/>\n\t<meta property=\"og:image:type\" content=\"image\/jpeg\" \/>\n<meta name=\"twitter:card\" content=\"summary_large_image\" \/>\n<meta name=\"twitter:label1\" content=\"Dur\u00e9e de lecture estim\u00e9e\" \/>\n\t<meta name=\"twitter:data1\" content=\"1 minute\" \/>\n<script type=\"application\/ld+json\" class=\"yoast-schema-graph\">{\"@context\":\"https:\/\/schema.org\",\"@graph\":[{\"@type\":\"WebPage\",\"@id\":\"https:\/\/www.institutafriquemonde.org\/index.php\/en\/the-poles\/societies-cultures-and-spiritualities\/\",\"url\":\"https:\/\/www.institutafriquemonde.org\/index.php\/en\/the-poles\/societies-cultures-and-spiritualities\/\",\"name\":\"Art, Culture, Religion \u2013 Spirituality, Research & Publishing - Institut Afrique Monde\",\"isPartOf\":{\"@id\":\"https:\/\/www.institutafriquemonde.org\/#website\"},\"primaryImageOfPage\":{\"@id\":\"https:\/\/www.institutafriquemonde.org\/index.php\/en\/the-poles\/societies-cultures-and-spiritualities\/#primaryimage\"},\"image\":{\"@id\":\"https:\/\/www.institutafriquemonde.org\/index.php\/en\/the-poles\/societies-cultures-and-spiritualities\/#primaryimage\"},\"thumbnailUrl\":\"https:\/\/www.institutafriquemonde.org\/wp-content\/uploads\/2019\/09\/dove-3426159_960_720.jpg\",\"datePublished\":\"2019-09-05T14:51:11+00:00\",\"dateModified\":\"2019-09-21T13:06:42+00:00\",\"breadcrumb\":{\"@id\":\"https:\/\/www.institutafriquemonde.org\/index.php\/en\/the-poles\/societies-cultures-and-spiritualities\/#breadcrumb\"},\"inLanguage\":\"fr-FR\",\"potentialAction\":[{\"@type\":\"ReadAction\",\"target\":[\"https:\/\/www.institutafriquemonde.org\/index.php\/en\/the-poles\/societies-cultures-and-spiritualities\/\"]}]},{\"@type\":\"ImageObject\",\"inLanguage\":\"fr-FR\",\"@id\":\"https:\/\/www.institutafriquemonde.org\/index.php\/en\/the-poles\/societies-cultures-and-spiritualities\/#primaryimage\",\"url\":\"https:\/\/www.institutafriquemonde.org\/wp-content\/uploads\/2019\/09\/dove-3426159_960_720.jpg\",\"contentUrl\":\"https:\/\/www.institutafriquemonde.org\/wp-content\/uploads\/2019\/09\/dove-3426159_960_720.jpg\",\"width\":960,\"height\":640},{\"@type\":\"BreadcrumbList\",\"@id\":\"https:\/\/www.institutafriquemonde.org\/index.php\/en\/the-poles\/societies-cultures-and-spiritualities\/#breadcrumb\",\"itemListElement\":[{\"@type\":\"ListItem\",\"position\":1,\"name\":\"Accueil\",\"item\":\"https:\/\/www.institutafriquemonde.org\/\"},{\"@type\":\"ListItem\",\"position\":2,\"name\":\"The Poles\",\"item\":\"https:\/\/www.institutafriquemonde.org\/index.php\/en\/the-poles\/\"},{\"@type\":\"ListItem\",\"position\":3,\"name\":\"Art, Culture, Religion \u2013 Spirituality, Research &#038; Publishing\"}]},{\"@type\":\"WebSite\",\"@id\":\"https:\/\/www.institutafriquemonde.org\/#website\",\"url\":\"https:\/\/www.institutafriquemonde.org\/\",\"name\":\"Institut Afrique Monde\",\"description\":\"&quot;L&#039;audace, unique d\u00e9fi pour une Afrique nouvelle&quot;\",\"publisher\":{\"@id\":\"https:\/\/www.institutafriquemonde.org\/#organization\"},\"potentialAction\":[{\"@type\":\"SearchAction\",\"target\":{\"@type\":\"EntryPoint\",\"urlTemplate\":\"https:\/\/www.institutafriquemonde.org\/?s={search_term_string}\"},\"query-input\":{\"@type\":\"PropertyValueSpecification\",\"valueRequired\":true,\"valueName\":\"search_term_string\"}}],\"inLanguage\":\"fr-FR\"},{\"@type\":\"Organization\",\"@id\":\"https:\/\/www.institutafriquemonde.org\/#organization\",\"name\":\"Institut Afrique Monde\",\"url\":\"https:\/\/www.institutafriquemonde.org\/\",\"logo\":{\"@type\":\"ImageObject\",\"inLanguage\":\"fr-FR\",\"@id\":\"https:\/\/www.institutafriquemonde.org\/#\/schema\/logo\/image\/\",\"url\":\"https:\/\/www.institutafriquemonde.org\/wp-content\/uploads\/2019\/09\/LogoIAM_225x140.png\",\"contentUrl\":\"https:\/\/www.institutafriquemonde.org\/wp-content\/uploads\/2019\/09\/LogoIAM_225x140.png\",\"width\":204,\"height\":140,\"caption\":\"Institut Afrique Monde\"},\"image\":{\"@id\":\"https:\/\/www.institutafriquemonde.org\/#\/schema\/logo\/image\/\"}}]}<\/script>\n<!-- \/ Yoast SEO plugin. -->","yoast_head_json":{"title":"Art, Culture, Religion \u2013 Spirituality, Research & Publishing - Institut Afrique Monde","robots":{"index":"index","follow":"follow","max-snippet":"max-snippet:-1","max-image-preview":"max-image-preview:large","max-video-preview":"max-video-preview:-1"},"canonical":"https:\/\/www.institutafriquemonde.org\/index.php\/en\/the-poles\/societies-cultures-and-spiritualities\/","og_locale":"fr_FR","og_type":"article","og_title":"Art, Culture, Religion \u2013 Spirituality, Research & Publishing - Institut Afrique Monde","og_description":"To enlighten on the theoretical and practical level the different fields of activity of the spirit of the world of Art, Culture, the enrichment of intercultural, interreligious and spiritual dialogue; to conduct research and contribute to the publication of works. This cluster also conducts prospective monitoring on methods, techniques and tools that can be mobilized, [&hellip;]","og_url":"https:\/\/www.institutafriquemonde.org\/index.php\/en\/the-poles\/societies-cultures-and-spiritualities\/","og_site_name":"Institut Afrique Monde","article_modified_time":"2019-09-21T13:06:42+00:00","og_image":[{"width":960,"height":640,"url":"https:\/\/www.institutafriquemonde.org\/wp-content\/uploads\/2019\/09\/dove-3426159_960_720.jpg","type":"image\/jpeg"}],"twitter_card":"summary_large_image","twitter_misc":{"Dur\u00e9e de lecture estim\u00e9e":"1 minute"},"schema":{"@context":"https:\/\/schema.org","@graph":[{"@type":"WebPage","@id":"https:\/\/www.institutafriquemonde.org\/index.php\/en\/the-poles\/societies-cultures-and-spiritualities\/","url":"https:\/\/www.institutafriquemonde.org\/index.php\/en\/the-poles\/societies-cultures-and-spiritualities\/","name":"Art, Culture, Religion \u2013 Spirituality, Research & Publishing - Institut Afrique Monde","isPartOf":{"@id":"https:\/\/www.institutafriquemonde.org\/#website"},"primaryImageOfPage":{"@id":"https:\/\/www.institutafriquemonde.org\/index.php\/en\/the-poles\/societies-cultures-and-spiritualities\/#primaryimage"},"image":{"@id":"https:\/\/www.institutafriquemonde.org\/index.php\/en\/the-poles\/societies-cultures-and-spiritualities\/#primaryimage"},"thumbnailUrl":"https:\/\/www.institutafriquemonde.org\/wp-content\/uploads\/2019\/09\/dove-3426159_960_720.jpg","datePublished":"2019-09-05T14:51:11+00:00","dateModified":"2019-09-21T13:06:42+00:00","breadcrumb":{"@id":"https:\/\/www.institutafriquemonde.org\/index.php\/en\/the-poles\/societies-cultures-and-spiritualities\/#breadcrumb"},"inLanguage":"fr-FR","potentialAction":[{"@type":"ReadAction","target":["https:\/\/www.institutafriquemonde.org\/index.php\/en\/the-poles\/societies-cultures-and-spiritualities\/"]}]},{"@type":"ImageObject","inLanguage":"fr-FR","@id":"https:\/\/www.institutafriquemonde.org\/index.php\/en\/the-poles\/societies-cultures-and-spiritualities\/#primaryimage","url":"https:\/\/www.institutafriquemonde.org\/wp-content\/uploads\/2019\/09\/dove-3426159_960_720.jpg","contentUrl":"https:\/\/www.institutafriquemonde.org\/wp-content\/uploads\/2019\/09\/dove-3426159_960_720.jpg","width":960,"height":640},{"@type":"BreadcrumbList","@id":"https:\/\/www.institutafriquemonde.org\/index.php\/en\/the-poles\/societies-cultures-and-spiritualities\/#breadcrumb","itemListElement":[{"@type":"ListItem","position":1,"name":"Accueil","item":"https:\/\/www.institutafriquemonde.org\/"},{"@type":"ListItem","position":2,"name":"The Poles","item":"https:\/\/www.institutafriquemonde.org\/index.php\/en\/the-poles\/"},{"@type":"ListItem","position":3,"name":"Art, Culture, Religion \u2013 Spirituality, Research &#038; Publishing"}]},{"@type":"WebSite","@id":"https:\/\/www.institutafriquemonde.org\/#website","url":"https:\/\/www.institutafriquemonde.org\/","name":"Institut Afrique Monde","description":"&quot;L&#039;audace, unique d\u00e9fi pour une Afrique nouvelle&quot;","publisher":{"@id":"https:\/\/www.institutafriquemonde.org\/#organization"},"potentialAction":[{"@type":"SearchAction","target":{"@type":"EntryPoint","urlTemplate":"https:\/\/www.institutafriquemonde.org\/?s={search_term_string}"},"query-input":{"@type":"PropertyValueSpecification","valueRequired":true,"valueName":"search_term_string"}}],"inLanguage":"fr-FR"},{"@type":"Organization","@id":"https:\/\/www.institutafriquemonde.org\/#organization","name":"Institut Afrique Monde","url":"https:\/\/www.institutafriquemonde.org\/","logo":{"@type":"ImageObject","inLanguage":"fr-FR","@id":"https:\/\/www.institutafriquemonde.org\/#\/schema\/logo\/image\/","url":"https:\/\/www.institutafriquemonde.org\/wp-content\/uploads\/2019\/09\/LogoIAM_225x140.png","contentUrl":"https:\/\/www.institutafriquemonde.org\/wp-content\/uploads\/2019\/09\/LogoIAM_225x140.png","width":204,"height":140,"caption":"Institut Afrique Monde"},"image":{"@id":"https:\/\/www.institutafriquemonde.org\/#\/schema\/logo\/image\/"}}]}},"_links":{"self":[{"href":"https:\/\/www.institutafriquemonde.org\/index.php\/wp-json\/wp\/v2\/pages\/615","targetHints":{"allow":["GET"]}}],"collection":[{"href":"https:\/\/www.institutafriquemonde.org\/index.php\/wp-json\/wp\/v2\/pages"}],"about":[{"href":"https:\/\/www.institutafriquemonde.org\/index.php\/wp-json\/wp\/v2\/types\/page"}],"author":[{"embeddable":true,"href":"https:\/\/www.institutafriquemonde.org\/index.php\/wp-json\/wp\/v2\/users\/1"}],"replies":[{"embeddable":true,"href":"https:\/\/www.institutafriquemonde.org\/index.php\/wp-json\/wp\/v2\/comments?post=615"}],"version-history":[{"count":4,"href":"https:\/\/www.institutafriquemonde.org\/index.php\/wp-json\/wp\/v2\/pages\/615\/revisions"}],"predecessor-version":[{"id":1009,"href":"https:\/\/www.institutafriquemonde.org\/index.php\/wp-json\/wp\/v2\/pages\/615\/revisions\/1009"}],"up":[{"embeddable":true,"href":"https:\/\/www.institutafriquemonde.org\/index.php\/wp-json\/wp\/v2\/pages\/617"}],"wp:featuredmedia":[{"embeddable":true,"href":"https:\/\/www.institutafriquemonde.org\/index.php\/wp-json\/wp\/v2\/media\/946"}],"wp:attachment":[{"href":"https:\/\/www.institutafriquemonde.org\/index.php\/wp-json\/wp\/v2\/media?parent=615"}],"curies":[{"name":"wp","href":"https:\/\/api.w.org\/{rel}","templated":true}]}}