{"id":620,"date":"2019-09-05T17:00:36","date_gmt":"2019-09-05T15:00:36","guid":{"rendered":"http:\/\/www.institutafriquemonde.org\/?page_id=620"},"modified":"2020-03-26T13:18:58","modified_gmt":"2020-03-26T12:18:58","slug":"organization","status":"publish","type":"page","link":"https:\/\/www.institutafriquemonde.org\/index.php\/en\/organization\/","title":{"rendered":"Organization of the IAM"},"content":{"rendered":"<h2>Sponsoring Committee<\/h2>\n<p>Michel CAMDESSUS, Former Director of the IMF, member of the African Panel Progress<\/p>\n<p>Henriette DAGRI-DIABATE Grand Chancellor of the National Orders of C\u00f4te d\u2019Ivoire<\/p>\n<p>Henri SENGHOR, Honorary Ambassador of Senegal<\/p>\n<h2>Deceased Sponsors<\/h2>\n<p>Denis MAUGENEST, Former Vice Rector of the Catholic University of Central Africa (Cameroon), Former Director of CERAP (C\u00f4te d&rsquo;Ivoire)<\/p>\n<p>Prof. Albert TEVOEDJRE, Former Mediator of the Republic of Benin<\/p>\n<h2>Board of Directors<\/h2>\n<p><strong>President<\/strong>&nbsp;: Denise HOUPHOU\u00cbT-BOIGNY<\/p>\n<p><strong>1st Vice-Chairman&nbsp;<\/strong>: St\u00e9phane GOMPERTZ<\/p>\n<p><strong>2nd Vice-Chairman<\/strong> : Emile Moselly BATAMACK<\/p>\n<p><strong>Treasurer&nbsp;<\/strong>: Liliane DOUKOUR\u00c9<\/p>\n<p><strong>Assistant Treasurer<\/strong> : Hongbing YANG<\/p>\n<p><strong>Secretary&nbsp;<\/strong>: Jean-Louis MAROLLEAU<\/p>\n<p><strong>Assistant Secretary<\/strong> : Claude MUSAVYI<\/p>\n<p><strong>Members<\/strong>&nbsp;:<\/p>\n<ul>\n<li>Pierre PAPON<\/li>\n<li>Mathurin DOUMB\u00c9-\u00c9P\u00c9E<\/li>\n<li>Jean-Pierre ALLOUCHERY<\/li>\n<li>Jean-Marc SIMON<\/li>\n<li>Jean-Pierre LISTRE<\/li>\n<li>Olivier CUPERLIER<\/li>\n<li>Bernard PUEPI<\/li>\n<li>Pascal HOUENOU<\/li>\n<\/ul>\n<h2>Guidance Council<\/h2>\n<p><strong>Director of Programmes&nbsp;<\/strong>: Camille KUYU<\/p>\n<p><strong>Deputy Director<\/strong> : Emile Moselly BATAMACK<\/p>\n<p><strong>Members<\/strong> : Olivier CUPERLIER, Hongbing YANG, Liliane DOUKOUR\u00c9, Claude MUSAVYI, Nicolas KLINGELSCHMITT<\/p>\n<h2>General contact<\/h2>\n<p><a href=\"mailto:contact@institutafriquemonde.org\" data-slimstat=\"5\">contact@institutafriquemonde.org<\/a><\/p>\n<p><strong>Address<\/strong>&nbsp;: 42 rue de Grenelle 75007- Paris\/France<\/p>\n","protected":false},"excerpt":{"rendered":"<p>Sponsoring Committee Michel CAMDESSUS, Former Director of the IMF, member of the African Panel Progress Henriette DAGRI-DIABATE Grand Chancellor of the National Orders of C\u00f4te d\u2019Ivoire Henri SENGHOR, Honorary Ambassador of Senegal Deceased Sponsors Denis MAUGENEST, Former Vice Rector of the Catholic University of Central Africa (Cameroon), Former Director of CERAP (C\u00f4te d&rsquo;Ivoire) Prof. Albert [&hellip;]<\/p>\n","protected":false},"author":1,"featured_media":0,"parent":0,"menu_order":0,"comment_status":"closed","ping_status":"closed","template":"","meta":{"ngg_post_thumbnail":0,"footnotes":""},"class_list":["post-620","page","type-page","status-publish","hentry","post"],"yoast_head":"<!-- This site is optimized with the Yoast SEO plugin v26.1.1 - https:\/\/yoast.com\/wordpress\/plugins\/seo\/ -->\n<title>Organization of the IAM - Institut Afrique Monde<\/title>\n<meta name=\"robots\" content=\"index, follow, max-snippet:-1, max-image-preview:large, max-video-preview:-1\" \/>\n<link rel=\"canonical\" href=\"https:\/\/www.institutafriquemonde.org\/index.php\/en\/organization\/\" \/>\n<meta property=\"og:locale\" content=\"fr_FR\" \/>\n<meta property=\"og:type\" content=\"article\" \/>\n<meta property=\"og:title\" content=\"Organization of the IAM - Institut Afrique Monde\" \/>\n<meta property=\"og:description\" content=\"Sponsoring Committee Michel CAMDESSUS, Former Director of the IMF, member of the African Panel Progress Henriette DAGRI-DIABATE Grand Chancellor of the National Orders of C\u00f4te d\u2019Ivoire Henri SENGHOR, Honorary Ambassador of Senegal Deceased Sponsors Denis MAUGENEST, Former Vice Rector of the Catholic University of Central Africa (Cameroon), Former Director of CERAP (C\u00f4te d&rsquo;Ivoire) Prof. Albert [&hellip;]\" \/>\n<meta property=\"og:url\" content=\"https:\/\/www.institutafriquemonde.org\/index.php\/en\/organization\/\" \/>\n<meta property=\"og:site_name\" content=\"Institut Afrique Monde\" \/>\n<meta property=\"article:modified_time\" content=\"2020-03-26T12:18:58+00:00\" \/>\n<meta name=\"twitter:card\" content=\"summary_large_image\" \/>\n<meta name=\"twitter:label1\" content=\"Dur\u00e9e de lecture estim\u00e9e\" \/>\n\t<meta name=\"twitter:data1\" content=\"1 minute\" \/>\n<script type=\"application\/ld+json\" class=\"yoast-schema-graph\">{\"@context\":\"https:\/\/schema.org\",\"@graph\":[{\"@type\":\"WebPage\",\"@id\":\"https:\/\/www.institutafriquemonde.org\/index.php\/en\/organization\/\",\"url\":\"https:\/\/www.institutafriquemonde.org\/index.php\/en\/organization\/\",\"name\":\"Organization of the IAM - Institut Afrique Monde\",\"isPartOf\":{\"@id\":\"https:\/\/www.institutafriquemonde.org\/#website\"},\"datePublished\":\"2019-09-05T15:00:36+00:00\",\"dateModified\":\"2020-03-26T12:18:58+00:00\",\"breadcrumb\":{\"@id\":\"https:\/\/www.institutafriquemonde.org\/index.php\/en\/organization\/#breadcrumb\"},\"inLanguage\":\"fr-FR\",\"potentialAction\":[{\"@type\":\"ReadAction\",\"target\":[\"https:\/\/www.institutafriquemonde.org\/index.php\/en\/organization\/\"]}]},{\"@type\":\"BreadcrumbList\",\"@id\":\"https:\/\/www.institutafriquemonde.org\/index.php\/en\/organization\/#breadcrumb\",\"itemListElement\":[{\"@type\":\"ListItem\",\"position\":1,\"name\":\"Accueil\",\"item\":\"https:\/\/www.institutafriquemonde.org\/\"},{\"@type\":\"ListItem\",\"position\":2,\"name\":\"Organization of the IAM\"}]},{\"@type\":\"WebSite\",\"@id\":\"https:\/\/www.institutafriquemonde.org\/#website\",\"url\":\"https:\/\/www.institutafriquemonde.org\/\",\"name\":\"Institut Afrique Monde\",\"description\":\"&quot;L&#039;audace, unique d\u00e9fi pour une Afrique nouvelle&quot;\",\"publisher\":{\"@id\":\"https:\/\/www.institutafriquemonde.org\/#organization\"},\"potentialAction\":[{\"@type\":\"SearchAction\",\"target\":{\"@type\":\"EntryPoint\",\"urlTemplate\":\"https:\/\/www.institutafriquemonde.org\/?s={search_term_string}\"},\"query-input\":{\"@type\":\"PropertyValueSpecification\",\"valueRequired\":true,\"valueName\":\"search_term_string\"}}],\"inLanguage\":\"fr-FR\"},{\"@type\":\"Organization\",\"@id\":\"https:\/\/www.institutafriquemonde.org\/#organization\",\"name\":\"Institut Afrique Monde\",\"url\":\"https:\/\/www.institutafriquemonde.org\/\",\"logo\":{\"@type\":\"ImageObject\",\"inLanguage\":\"fr-FR\",\"@id\":\"https:\/\/www.institutafriquemonde.org\/#\/schema\/logo\/image\/\",\"url\":\"https:\/\/www.institutafriquemonde.org\/wp-content\/uploads\/2019\/09\/LogoIAM_225x140.png\",\"contentUrl\":\"https:\/\/www.institutafriquemonde.org\/wp-content\/uploads\/2019\/09\/LogoIAM_225x140.png\",\"width\":204,\"height\":140,\"caption\":\"Institut Afrique Monde\"},\"image\":{\"@id\":\"https:\/\/www.institutafriquemonde.org\/#\/schema\/logo\/image\/\"}}]}<\/script>\n<!-- \/ Yoast SEO plugin. -->","yoast_head_json":{"title":"Organization of the IAM - Institut Afrique Monde","robots":{"index":"index","follow":"follow","max-snippet":"max-snippet:-1","max-image-preview":"max-image-preview:large","max-video-preview":"max-video-preview:-1"},"canonical":"https:\/\/www.institutafriquemonde.org\/index.php\/en\/organization\/","og_locale":"fr_FR","og_type":"article","og_title":"Organization of the IAM - Institut Afrique Monde","og_description":"Sponsoring Committee Michel CAMDESSUS, Former Director of the IMF, member of the African Panel Progress Henriette DAGRI-DIABATE Grand Chancellor of the National Orders of C\u00f4te d\u2019Ivoire Henri SENGHOR, Honorary Ambassador of Senegal Deceased Sponsors Denis MAUGENEST, Former Vice Rector of the Catholic University of Central Africa (Cameroon), Former Director of CERAP (C\u00f4te d&rsquo;Ivoire) Prof. Albert [&hellip;]","og_url":"https:\/\/www.institutafriquemonde.org\/index.php\/en\/organization\/","og_site_name":"Institut Afrique Monde","article_modified_time":"2020-03-26T12:18:58+00:00","twitter_card":"summary_large_image","twitter_misc":{"Dur\u00e9e de lecture estim\u00e9e":"1 minute"},"schema":{"@context":"https:\/\/schema.org","@graph":[{"@type":"WebPage","@id":"https:\/\/www.institutafriquemonde.org\/index.php\/en\/organization\/","url":"https:\/\/www.institutafriquemonde.org\/index.php\/en\/organization\/","name":"Organization of the IAM - Institut Afrique Monde","isPartOf":{"@id":"https:\/\/www.institutafriquemonde.org\/#website"},"datePublished":"2019-09-05T15:00:36+00:00","dateModified":"2020-03-26T12:18:58+00:00","breadcrumb":{"@id":"https:\/\/www.institutafriquemonde.org\/index.php\/en\/organization\/#breadcrumb"},"inLanguage":"fr-FR","potentialAction":[{"@type":"ReadAction","target":["https:\/\/www.institutafriquemonde.org\/index.php\/en\/organization\/"]}]},{"@type":"BreadcrumbList","@id":"https:\/\/www.institutafriquemonde.org\/index.php\/en\/organization\/#breadcrumb","itemListElement":[{"@type":"ListItem","position":1,"name":"Accueil","item":"https:\/\/www.institutafriquemonde.org\/"},{"@type":"ListItem","position":2,"name":"Organization of the IAM"}]},{"@type":"WebSite","@id":"https:\/\/www.institutafriquemonde.org\/#website","url":"https:\/\/www.institutafriquemonde.org\/","name":"Institut Afrique Monde","description":"&quot;L&#039;audace, unique d\u00e9fi pour une Afrique nouvelle&quot;","publisher":{"@id":"https:\/\/www.institutafriquemonde.org\/#organization"},"potentialAction":[{"@type":"SearchAction","target":{"@type":"EntryPoint","urlTemplate":"https:\/\/www.institutafriquemonde.org\/?s={search_term_string}"},"query-input":{"@type":"PropertyValueSpecification","valueRequired":true,"valueName":"search_term_string"}}],"inLanguage":"fr-FR"},{"@type":"Organization","@id":"https:\/\/www.institutafriquemonde.org\/#organization","name":"Institut Afrique Monde","url":"https:\/\/www.institutafriquemonde.org\/","logo":{"@type":"ImageObject","inLanguage":"fr-FR","@id":"https:\/\/www.institutafriquemonde.org\/#\/schema\/logo\/image\/","url":"https:\/\/www.institutafriquemonde.org\/wp-content\/uploads\/2019\/09\/LogoIAM_225x140.png","contentUrl":"https:\/\/www.institutafriquemonde.org\/wp-content\/uploads\/2019\/09\/LogoIAM_225x140.png","width":204,"height":140,"caption":"Institut Afrique Monde"},"image":{"@id":"https:\/\/www.institutafriquemonde.org\/#\/schema\/logo\/image\/"}}]}},"_links":{"self":[{"href":"https:\/\/www.institutafriquemonde.org\/index.php\/wp-json\/wp\/v2\/pages\/620","targetHints":{"allow":["GET"]}}],"collection":[{"href":"https:\/\/www.institutafriquemonde.org\/index.php\/wp-json\/wp\/v2\/pages"}],"about":[{"href":"https:\/\/www.institutafriquemonde.org\/index.php\/wp-json\/wp\/v2\/types\/page"}],"author":[{"embeddable":true,"href":"https:\/\/www.institutafriquemonde.org\/index.php\/wp-json\/wp\/v2\/users\/1"}],"replies":[{"embeddable":true,"href":"https:\/\/www.institutafriquemonde.org\/index.php\/wp-json\/wp\/v2\/comments?post=620"}],"version-history":[{"count":7,"href":"https:\/\/www.institutafriquemonde.org\/index.php\/wp-json\/wp\/v2\/pages\/620\/revisions"}],"predecessor-version":[{"id":1474,"href":"https:\/\/www.institutafriquemonde.org\/index.php\/wp-json\/wp\/v2\/pages\/620\/revisions\/1474"}],"wp:attachment":[{"href":"https:\/\/www.institutafriquemonde.org\/index.php\/wp-json\/wp\/v2\/media?parent=620"}],"curies":[{"name":"wp","href":"https:\/\/api.w.org\/{rel}","templated":true}]}}