{"id":927,"date":"2019-09-14T15:40:08","date_gmt":"2019-09-14T13:40:08","guid":{"rendered":"http:\/\/www.institutafriquemonde.org\/?page_id=927"},"modified":"2019-09-24T15:41:57","modified_gmt":"2019-09-24T13:41:57","slug":"les-dynamiques-des-migrations-clandestines-de-lafrique-de-louest-vers-leurope","status":"publish","type":"page","link":"https:\/\/www.institutafriquemonde.org\/index.php\/etudes\/les-dynamiques-des-migrations-clandestines-de-lafrique-de-louest-vers-leurope\/","title":{"rendered":"Les dynamiques des migrations clandestines de l\u2019Afrique de l\u2019Ouest vers l\u2019Europe"},"content":{"rendered":"<p><em>\u00c9tude r\u00e9alis\u00e9e par Nicolas KLINGELSCHMITT<\/em><\/p>\n<p>Ce document de recherche, divis\u00e9 en trois articles, a pour objectif d\u2019apporter un \u00e9clairage g\u00e9n\u00e9ral sur un ph\u00e9nom\u00e8ne d\u2019envergure internationale, en abordant \u00e0 la fois ses aspects politiques, \u00e9conomiques, humanitaires, sociaux et l\u00e9gaux.<\/p>\n<h2>Abstract<\/h2>\n<p>Il se concentre dans un premier temps sur les principales motivations des individus migrants l\u00e9galement et ill\u00e9galement depuis l\u2019Afrique de l\u2019Ouest subsaharienne et leur profil, avec une emphase sur la situation de la R\u00e9publique de C\u00f4te d\u2019Ivoire, particuli\u00e8rement concern\u00e9e par le ph\u00e9nom\u00e8ne puisque plus de 10&nbsp;000 ressortissants Ivoiriens sont arriv\u00e9s clandestinement sur les c\u00f4tes italiennes en 2017 (OIM C\u00f4te d\u2019Ivoire 2018). Le cas de la R\u00e9publique F\u00e9d\u00e9rale du Nig\u00e9ria, pays le plus peupl\u00e9 du continent africain, compte \u00e9galement le ph\u00e9nom\u00e8ne des migrations clandestines parmi ses probl\u00e8mes soci\u00e9taux saillants et sera donc pris en r\u00e9f\u00e9rence.<\/p>\n<p>Dans un second temps, le trac\u00e9 principal de ces routes migratoires menant les \u00e9migrants Ivoiriens et leurs voisins d\u2019Afrique de l\u2019Ouest, centrale et de l\u2019Est vers l\u2019Europe ainsi que les enjeux \u00e9conomiques et s\u00e9curitaires attenants, notamment au Niger et en Libye, sont expos\u00e9s.<\/p>\n<p>Enfin, dans un troisi\u00e8me temps, les r\u00e9ponses \u00e0 ce ph\u00e9nom\u00e8ne migratoire et aux probl\u00e9matiques qu\u2019il soul\u00e8ve sont observ\u00e9es \u00e0 travers un prisme multiscalaire allant des accords internationaux aux politiques publiques nationales encourageant le \u00ab\u00a0retour au pays\u00a0\u00bb que l\u2019on peut observer en C\u00f4te d\u2019Ivoire.<\/p>\n<h2>Conclusions<\/h2>\n<p>L\u2019analyse des donn\u00e9es issus des rapports et \u00e9tudes men\u00e9es ces 4 derni\u00e8res ann\u00e9es montre que les facteurs principaux poussant la population Ouest-Africaine \u00e0 migrer, en particulier les Nig\u00e9rians, les Guin\u00e9ens et les Ivoiriens, sont dans la tr\u00e8s grande majorit\u00e9 des cas la recherche de meilleures perspectives \u00e9conomiques notamment en termes d\u2019emploi, et la pression d\u00e9mographique des zones urbaines telles qu\u2019Abidjan et Lagos. La question de l\u2019\u00e9volution de l\u2019influence de cette pression d\u00e9mographique sur les ph\u00e9nom\u00e8nes migratoires pourra rev\u00eatir une importance capitale dans un futur proche au vu du doublement pr\u00e9vu de la population du continent africain d\u2019ici trente ans, et \u00e0 l\u2019urbanisation exponentielle que connaissent les soci\u00e9t\u00e9s africaines.<\/p>\n<p>&nbsp;Les migrants sont en grande majorit\u00e9 des hommes, d\u2019une moyenne d\u2019\u00e2ge avoisinant les 25 ans (DGIE C\u00f4te d\u2019Ivoire \u2013 OIM 2017). Ces derniers autofinancent le montant \u00e9lev\u00e9 (de 3000 \u00e0 6000\u20ac) de leur p\u00e9riple dont la majorit\u00e9 revient aux passeurs. Face au durcissement des lois sur les activit\u00e9s ill\u00e9gales de ces derniers au Niger combin\u00e9e \u00e0 l\u2019augmentation de la dangerosit\u00e9 du territoire Libyen, les migrants ouest-africains tendent \u00e0 privil\u00e9gier d\u00e9sormais la travers\u00e9e de la M\u00e9diterran\u00e9e depuis le Maroc vers l\u2019Espagne. Le royaume d\u2019Espagne est ainsi devenu tr\u00e8s r\u00e9cemment leur premi\u00e8re porte d\u2019entr\u00e9e vers l\u2019Union Europ\u00e9enne. L\u2019issue de la r\u00e9cente reprise d\u2019hostilit\u00e9s ouvertes en Libye et le maintien de la stabilit\u00e9 de la sous-r\u00e9gion Saharo-Sah\u00e9lienne face aux groupes criminels dits \u00ab\u00a0hybrides\u00a0\u00bb seront donc des \u00e9l\u00e9ments-cl\u00e9s \u00e0 prendre en compte pour suivre l\u2019\u00e9volution des routes migratoires de l\u2019Afrique de l\u2019Ouest vers l\u2019Europe.<\/p>\n<p>Enfin, face aux difficult\u00e9s de mise en application des principes act\u00e9s par les organisations internationales et \u00e0 l\u2019impossibilit\u00e9 de l\u2019Union Europ\u00e9enne \u00e0 r\u00e9pondre d\u2019une voix unique aux questions migratoires m\u00e9diterran\u00e9ennes, une attention particuli\u00e8re devra \u00eatre port\u00e9e aux actions men\u00e9es par les Etats d\u2019origine ou de transit des migrants, op\u00e9r\u00e9es avec le soutien financier d\u2019organisations et d\u2019agences de coop\u00e9ration.<\/p>\n<p><a href=\"https:\/\/www.institutafriquemonde.org\/docs\/Dynamiques migratoires clandestines ouest africaines - Partie 1.pdf\" target=\"_blank\" rel=\"noopener noreferrer\" data-wplink-url-error=\"true\">Partie 1: Pourquoi partir ? Les vecteurs d\u2019un d\u00e9part clandestin vers l\u2019Europe<\/a><\/p>\n<p><a href=\"https:\/\/www.institutafriquemonde.org\/docs\/Dynamiques migratoires clandestines ouest africaines - Partie 2.pdf\" target=\"_blank\" rel=\"noopener noreferrer\" data-wplink-url-error=\"true\">Partie 2: \u00c9conomie parall\u00e8le, esclavage, et zones de conflit : les routes migratoires, un chemin sem\u00e9 de p\u00e9rils en constante \u00e9volution<br \/>\n<\/a><\/p>\n<p><a href=\"https:\/\/www.institutafriquemonde.org\/docs\/Dynamiques migratoires clandestines ouest africaines - Partie 3.pdf\" target=\"_blank\" rel=\"noopener noreferrer\" data-wplink-url-error=\"true\">Partie 3: Des mesures multilat\u00e9rales et nationales pour tenter d\u2019encadrer les migrations clandestines et r\u00e9pondre aux situations d\u2019urgence humanitaire<\/a><\/p>\n","protected":false},"excerpt":{"rendered":"<p>\u00c9tude r\u00e9alis\u00e9e par Nicolas KLINGELSCHMITT Ce document de recherche, divis\u00e9 en trois articles, a pour objectif d\u2019apporter un \u00e9clairage g\u00e9n\u00e9ral sur un ph\u00e9nom\u00e8ne d\u2019envergure internationale, en abordant \u00e0 la fois ses aspects politiques, \u00e9conomiques, humanitaires, sociaux et l\u00e9gaux. Abstract Il se concentre dans un premier temps sur les principales motivations des individus migrants l\u00e9galement et [&hellip;]<\/p>\n","protected":false},"author":1,"featured_media":950,"parent":172,"menu_order":0,"comment_status":"closed","ping_status":"closed","template":"","meta":{"ngg_post_thumbnail":0,"footnotes":""},"class_list":["post-927","page","type-page","status-publish","has-post-thumbnail","hentry","post"],"yoast_head":"<!-- This site is optimized with the Yoast SEO plugin v26.1.1 - https:\/\/yoast.com\/wordpress\/plugins\/seo\/ -->\n<title>Les dynamiques des migrations clandestines de l\u2019Afrique de l\u2019Ouest vers l\u2019Europe - Institut Afrique Monde<\/title>\n<meta name=\"robots\" content=\"index, follow, max-snippet:-1, max-image-preview:large, max-video-preview:-1\" \/>\n<link rel=\"canonical\" href=\"https:\/\/www.institutafriquemonde.org\/index.php\/etudes\/les-dynamiques-des-migrations-clandestines-de-lafrique-de-louest-vers-leurope\/\" \/>\n<meta property=\"og:locale\" content=\"fr_FR\" \/>\n<meta property=\"og:type\" content=\"article\" \/>\n<meta property=\"og:title\" content=\"Les dynamiques des migrations clandestines de l\u2019Afrique de l\u2019Ouest vers l\u2019Europe - Institut Afrique Monde\" \/>\n<meta property=\"og:description\" content=\"\u00c9tude r\u00e9alis\u00e9e par Nicolas KLINGELSCHMITT Ce document de recherche, divis\u00e9 en trois articles, a pour objectif d\u2019apporter un \u00e9clairage g\u00e9n\u00e9ral sur un ph\u00e9nom\u00e8ne d\u2019envergure internationale, en abordant \u00e0 la fois ses aspects politiques, \u00e9conomiques, humanitaires, sociaux et l\u00e9gaux. Abstract Il se concentre dans un premier temps sur les principales motivations des individus migrants l\u00e9galement et [&hellip;]\" \/>\n<meta property=\"og:url\" content=\"https:\/\/www.institutafriquemonde.org\/index.php\/etudes\/les-dynamiques-des-migrations-clandestines-de-lafrique-de-louest-vers-leurope\/\" \/>\n<meta property=\"og:site_name\" content=\"Institut Afrique Monde\" \/>\n<meta property=\"article:modified_time\" content=\"2019-09-24T13:41:57+00:00\" \/>\n<meta property=\"og:image\" content=\"https:\/\/www.institutafriquemonde.org\/wp-content\/uploads\/2019\/09\/migration-3129340_960_720.jpg\" \/>\n\t<meta property=\"og:image:width\" content=\"960\" \/>\n\t<meta property=\"og:image:height\" content=\"539\" \/>\n\t<meta property=\"og:image:type\" content=\"image\/jpeg\" \/>\n<meta name=\"twitter:card\" content=\"summary_large_image\" \/>\n<meta name=\"twitter:label1\" content=\"Dur\u00e9e de lecture estim\u00e9e\" \/>\n\t<meta name=\"twitter:data1\" content=\"3 minutes\" \/>\n<script type=\"application\/ld+json\" class=\"yoast-schema-graph\">{\"@context\":\"https:\/\/schema.org\",\"@graph\":[{\"@type\":\"WebPage\",\"@id\":\"https:\/\/www.institutafriquemonde.org\/index.php\/etudes\/les-dynamiques-des-migrations-clandestines-de-lafrique-de-louest-vers-leurope\/\",\"url\":\"https:\/\/www.institutafriquemonde.org\/index.php\/etudes\/les-dynamiques-des-migrations-clandestines-de-lafrique-de-louest-vers-leurope\/\",\"name\":\"Les dynamiques des migrations clandestines de l\u2019Afrique de l\u2019Ouest vers l\u2019Europe - Institut Afrique Monde\",\"isPartOf\":{\"@id\":\"https:\/\/www.institutafriquemonde.org\/#website\"},\"primaryImageOfPage\":{\"@id\":\"https:\/\/www.institutafriquemonde.org\/index.php\/etudes\/les-dynamiques-des-migrations-clandestines-de-lafrique-de-louest-vers-leurope\/#primaryimage\"},\"image\":{\"@id\":\"https:\/\/www.institutafriquemonde.org\/index.php\/etudes\/les-dynamiques-des-migrations-clandestines-de-lafrique-de-louest-vers-leurope\/#primaryimage\"},\"thumbnailUrl\":\"https:\/\/www.institutafriquemonde.org\/wp-content\/uploads\/2019\/09\/migration-3129340_960_720.jpg\",\"datePublished\":\"2019-09-14T13:40:08+00:00\",\"dateModified\":\"2019-09-24T13:41:57+00:00\",\"breadcrumb\":{\"@id\":\"https:\/\/www.institutafriquemonde.org\/index.php\/etudes\/les-dynamiques-des-migrations-clandestines-de-lafrique-de-louest-vers-leurope\/#breadcrumb\"},\"inLanguage\":\"fr-FR\",\"potentialAction\":[{\"@type\":\"ReadAction\",\"target\":[\"https:\/\/www.institutafriquemonde.org\/index.php\/etudes\/les-dynamiques-des-migrations-clandestines-de-lafrique-de-louest-vers-leurope\/\"]}]},{\"@type\":\"ImageObject\",\"inLanguage\":\"fr-FR\",\"@id\":\"https:\/\/www.institutafriquemonde.org\/index.php\/etudes\/les-dynamiques-des-migrations-clandestines-de-lafrique-de-louest-vers-leurope\/#primaryimage\",\"url\":\"https:\/\/www.institutafriquemonde.org\/wp-content\/uploads\/2019\/09\/migration-3129340_960_720.jpg\",\"contentUrl\":\"https:\/\/www.institutafriquemonde.org\/wp-content\/uploads\/2019\/09\/migration-3129340_960_720.jpg\",\"width\":960,\"height\":539},{\"@type\":\"BreadcrumbList\",\"@id\":\"https:\/\/www.institutafriquemonde.org\/index.php\/etudes\/les-dynamiques-des-migrations-clandestines-de-lafrique-de-louest-vers-leurope\/#breadcrumb\",\"itemListElement\":[{\"@type\":\"ListItem\",\"position\":1,\"name\":\"Accueil\",\"item\":\"https:\/\/www.institutafriquemonde.org\/\"},{\"@type\":\"ListItem\",\"position\":2,\"name\":\"\u00c9tudes\",\"item\":\"https:\/\/www.institutafriquemonde.org\/index.php\/etudes\/\"},{\"@type\":\"ListItem\",\"position\":3,\"name\":\"Les dynamiques des migrations clandestines de l\u2019Afrique de l\u2019Ouest vers l\u2019Europe\"}]},{\"@type\":\"WebSite\",\"@id\":\"https:\/\/www.institutafriquemonde.org\/#website\",\"url\":\"https:\/\/www.institutafriquemonde.org\/\",\"name\":\"Institut Afrique Monde\",\"description\":\"&quot;L&#039;audace, unique d\u00e9fi pour une Afrique nouvelle&quot;\",\"publisher\":{\"@id\":\"https:\/\/www.institutafriquemonde.org\/#organization\"},\"potentialAction\":[{\"@type\":\"SearchAction\",\"target\":{\"@type\":\"EntryPoint\",\"urlTemplate\":\"https:\/\/www.institutafriquemonde.org\/?s={search_term_string}\"},\"query-input\":{\"@type\":\"PropertyValueSpecification\",\"valueRequired\":true,\"valueName\":\"search_term_string\"}}],\"inLanguage\":\"fr-FR\"},{\"@type\":\"Organization\",\"@id\":\"https:\/\/www.institutafriquemonde.org\/#organization\",\"name\":\"Institut Afrique Monde\",\"url\":\"https:\/\/www.institutafriquemonde.org\/\",\"logo\":{\"@type\":\"ImageObject\",\"inLanguage\":\"fr-FR\",\"@id\":\"https:\/\/www.institutafriquemonde.org\/#\/schema\/logo\/image\/\",\"url\":\"https:\/\/www.institutafriquemonde.org\/wp-content\/uploads\/2019\/09\/LogoIAM_225x140.png\",\"contentUrl\":\"https:\/\/www.institutafriquemonde.org\/wp-content\/uploads\/2019\/09\/LogoIAM_225x140.png\",\"width\":204,\"height\":140,\"caption\":\"Institut Afrique Monde\"},\"image\":{\"@id\":\"https:\/\/www.institutafriquemonde.org\/#\/schema\/logo\/image\/\"}}]}<\/script>\n<!-- \/ Yoast SEO plugin. -->","yoast_head_json":{"title":"Les dynamiques des migrations clandestines de l\u2019Afrique de l\u2019Ouest vers l\u2019Europe - Institut Afrique Monde","robots":{"index":"index","follow":"follow","max-snippet":"max-snippet:-1","max-image-preview":"max-image-preview:large","max-video-preview":"max-video-preview:-1"},"canonical":"https:\/\/www.institutafriquemonde.org\/index.php\/etudes\/les-dynamiques-des-migrations-clandestines-de-lafrique-de-louest-vers-leurope\/","og_locale":"fr_FR","og_type":"article","og_title":"Les dynamiques des migrations clandestines de l\u2019Afrique de l\u2019Ouest vers l\u2019Europe - Institut Afrique Monde","og_description":"\u00c9tude r\u00e9alis\u00e9e par Nicolas KLINGELSCHMITT Ce document de recherche, divis\u00e9 en trois articles, a pour objectif d\u2019apporter un \u00e9clairage g\u00e9n\u00e9ral sur un ph\u00e9nom\u00e8ne d\u2019envergure internationale, en abordant \u00e0 la fois ses aspects politiques, \u00e9conomiques, humanitaires, sociaux et l\u00e9gaux. Abstract Il se concentre dans un premier temps sur les principales motivations des individus migrants l\u00e9galement et [&hellip;]","og_url":"https:\/\/www.institutafriquemonde.org\/index.php\/etudes\/les-dynamiques-des-migrations-clandestines-de-lafrique-de-louest-vers-leurope\/","og_site_name":"Institut Afrique Monde","article_modified_time":"2019-09-24T13:41:57+00:00","og_image":[{"width":960,"height":539,"url":"https:\/\/www.institutafriquemonde.org\/wp-content\/uploads\/2019\/09\/migration-3129340_960_720.jpg","type":"image\/jpeg"}],"twitter_card":"summary_large_image","twitter_misc":{"Dur\u00e9e de lecture estim\u00e9e":"3 minutes"},"schema":{"@context":"https:\/\/schema.org","@graph":[{"@type":"WebPage","@id":"https:\/\/www.institutafriquemonde.org\/index.php\/etudes\/les-dynamiques-des-migrations-clandestines-de-lafrique-de-louest-vers-leurope\/","url":"https:\/\/www.institutafriquemonde.org\/index.php\/etudes\/les-dynamiques-des-migrations-clandestines-de-lafrique-de-louest-vers-leurope\/","name":"Les dynamiques des migrations clandestines de l\u2019Afrique de l\u2019Ouest vers l\u2019Europe - Institut Afrique Monde","isPartOf":{"@id":"https:\/\/www.institutafriquemonde.org\/#website"},"primaryImageOfPage":{"@id":"https:\/\/www.institutafriquemonde.org\/index.php\/etudes\/les-dynamiques-des-migrations-clandestines-de-lafrique-de-louest-vers-leurope\/#primaryimage"},"image":{"@id":"https:\/\/www.institutafriquemonde.org\/index.php\/etudes\/les-dynamiques-des-migrations-clandestines-de-lafrique-de-louest-vers-leurope\/#primaryimage"},"thumbnailUrl":"https:\/\/www.institutafriquemonde.org\/wp-content\/uploads\/2019\/09\/migration-3129340_960_720.jpg","datePublished":"2019-09-14T13:40:08+00:00","dateModified":"2019-09-24T13:41:57+00:00","breadcrumb":{"@id":"https:\/\/www.institutafriquemonde.org\/index.php\/etudes\/les-dynamiques-des-migrations-clandestines-de-lafrique-de-louest-vers-leurope\/#breadcrumb"},"inLanguage":"fr-FR","potentialAction":[{"@type":"ReadAction","target":["https:\/\/www.institutafriquemonde.org\/index.php\/etudes\/les-dynamiques-des-migrations-clandestines-de-lafrique-de-louest-vers-leurope\/"]}]},{"@type":"ImageObject","inLanguage":"fr-FR","@id":"https:\/\/www.institutafriquemonde.org\/index.php\/etudes\/les-dynamiques-des-migrations-clandestines-de-lafrique-de-louest-vers-leurope\/#primaryimage","url":"https:\/\/www.institutafriquemonde.org\/wp-content\/uploads\/2019\/09\/migration-3129340_960_720.jpg","contentUrl":"https:\/\/www.institutafriquemonde.org\/wp-content\/uploads\/2019\/09\/migration-3129340_960_720.jpg","width":960,"height":539},{"@type":"BreadcrumbList","@id":"https:\/\/www.institutafriquemonde.org\/index.php\/etudes\/les-dynamiques-des-migrations-clandestines-de-lafrique-de-louest-vers-leurope\/#breadcrumb","itemListElement":[{"@type":"ListItem","position":1,"name":"Accueil","item":"https:\/\/www.institutafriquemonde.org\/"},{"@type":"ListItem","position":2,"name":"\u00c9tudes","item":"https:\/\/www.institutafriquemonde.org\/index.php\/etudes\/"},{"@type":"ListItem","position":3,"name":"Les dynamiques des migrations clandestines de l\u2019Afrique de l\u2019Ouest vers l\u2019Europe"}]},{"@type":"WebSite","@id":"https:\/\/www.institutafriquemonde.org\/#website","url":"https:\/\/www.institutafriquemonde.org\/","name":"Institut Afrique Monde","description":"&quot;L&#039;audace, unique d\u00e9fi pour une Afrique nouvelle&quot;","publisher":{"@id":"https:\/\/www.institutafriquemonde.org\/#organization"},"potentialAction":[{"@type":"SearchAction","target":{"@type":"EntryPoint","urlTemplate":"https:\/\/www.institutafriquemonde.org\/?s={search_term_string}"},"query-input":{"@type":"PropertyValueSpecification","valueRequired":true,"valueName":"search_term_string"}}],"inLanguage":"fr-FR"},{"@type":"Organization","@id":"https:\/\/www.institutafriquemonde.org\/#organization","name":"Institut Afrique Monde","url":"https:\/\/www.institutafriquemonde.org\/","logo":{"@type":"ImageObject","inLanguage":"fr-FR","@id":"https:\/\/www.institutafriquemonde.org\/#\/schema\/logo\/image\/","url":"https:\/\/www.institutafriquemonde.org\/wp-content\/uploads\/2019\/09\/LogoIAM_225x140.png","contentUrl":"https:\/\/www.institutafriquemonde.org\/wp-content\/uploads\/2019\/09\/LogoIAM_225x140.png","width":204,"height":140,"caption":"Institut Afrique Monde"},"image":{"@id":"https:\/\/www.institutafriquemonde.org\/#\/schema\/logo\/image\/"}}]}},"_links":{"self":[{"href":"https:\/\/www.institutafriquemonde.org\/index.php\/wp-json\/wp\/v2\/pages\/927","targetHints":{"allow":["GET"]}}],"collection":[{"href":"https:\/\/www.institutafriquemonde.org\/index.php\/wp-json\/wp\/v2\/pages"}],"about":[{"href":"https:\/\/www.institutafriquemonde.org\/index.php\/wp-json\/wp\/v2\/types\/page"}],"author":[{"embeddable":true,"href":"https:\/\/www.institutafriquemonde.org\/index.php\/wp-json\/wp\/v2\/users\/1"}],"replies":[{"embeddable":true,"href":"https:\/\/www.institutafriquemonde.org\/index.php\/wp-json\/wp\/v2\/comments?post=927"}],"version-history":[{"count":6,"href":"https:\/\/www.institutafriquemonde.org\/index.php\/wp-json\/wp\/v2\/pages\/927\/revisions"}],"predecessor-version":[{"id":1048,"href":"https:\/\/www.institutafriquemonde.org\/index.php\/wp-json\/wp\/v2\/pages\/927\/revisions\/1048"}],"up":[{"embeddable":true,"href":"https:\/\/www.institutafriquemonde.org\/index.php\/wp-json\/wp\/v2\/pages\/172"}],"wp:featuredmedia":[{"embeddable":true,"href":"https:\/\/www.institutafriquemonde.org\/index.php\/wp-json\/wp\/v2\/media\/950"}],"wp:attachment":[{"href":"https:\/\/www.institutafriquemonde.org\/index.php\/wp-json\/wp\/v2\/media?parent=927"}],"curies":[{"name":"wp","href":"https:\/\/api.w.org\/{rel}","templated":true}]}}