{"id":95,"date":"2019-07-16T23:12:01","date_gmt":"2019-07-16T21:12:01","guid":{"rendered":"http:\/\/www.institutafriquemonde.org\/?page_id=95"},"modified":"2021-01-18T14:04:04","modified_gmt":"2021-01-18T13:04:04","slug":"annuaire-des-think-tanks-africains","status":"publish","type":"page","link":"https:\/\/www.institutafriquemonde.org\/index.php\/etudes\/annuaire-des-think-tanks-africains\/","title":{"rendered":"Annuaire des Think Tanks Africains"},"content":{"rendered":"<p>Par Nicolas KLINGELSCHMITT<\/p>\n<p>Depuis 2016, l&rsquo;Institut Afrique Monde r\u00e9pertorie les laboratoires d\u2019id\u00e9es, centres et instituts de recherche sp\u00e9cialis\u00e9s dans les domaines de la g\u00e9opolitique, de l\u2019\u00e9conomie, du d\u00e9veloppement, de la gouvernance et de la culture, bas\u00e9s sur le continent Africain.<\/p>\n<p>Annuaire Complet :&nbsp;<strong><a href=\"https:\/\/www.institutafriquemonde.org\/docs\/Annuaire%202018%20des%20think%20tanks%20Africains.pdf\" target=\"_blank\" rel=\"noopener noreferrer\">Annuaire IAM 2018 des think tanks Africains.pdf<\/a><\/strong><\/p>\n","protected":false},"excerpt":{"rendered":"<p>Par Nicolas KLINGELSCHMITT Depuis 2016, l&rsquo;Institut Afrique Monde r\u00e9pertorie les laboratoires d\u2019id\u00e9es, centres et instituts de recherche sp\u00e9cialis\u00e9s dans les domaines de la g\u00e9opolitique, de l\u2019\u00e9conomie, du d\u00e9veloppement, de la gouvernance et de la culture, bas\u00e9s sur le continent Africain. Annuaire Complet :&nbsp;Annuaire IAM 2018 des think tanks Africains.pdf<\/p>\n","protected":false},"author":1,"featured_media":232,"parent":172,"menu_order":0,"comment_status":"closed","ping_status":"closed","template":"","meta":{"ngg_post_thumbnail":0,"footnotes":""},"class_list":["post-95","page","type-page","status-publish","has-post-thumbnail","hentry","post"],"yoast_head":"<!-- This site is optimized with the Yoast SEO plugin v26.1.1 - https:\/\/yoast.com\/wordpress\/plugins\/seo\/ -->\n<title>Annuaire des Think Tanks Africains - Institut Afrique Monde<\/title>\n<meta name=\"description\" content=\"Depuis 2016, l&#039;Institut Afrique Monde r\u00e9pertorie les laboratoires d\u2019id\u00e9es, centres et instituts de recherche sp\u00e9cialis\u00e9s dans les domaines de la g\u00e9opolitique, de l\u2019\u00e9conomie, du d\u00e9veloppement, de la gouvernance et de la culture, bas\u00e9s sur le continent Africain.\" \/>\n<meta name=\"robots\" content=\"index, follow, max-snippet:-1, max-image-preview:large, max-video-preview:-1\" \/>\n<link rel=\"canonical\" href=\"https:\/\/www.institutafriquemonde.org\/index.php\/etudes\/annuaire-des-think-tanks-africains\/\" \/>\n<meta property=\"og:locale\" content=\"fr_FR\" \/>\n<meta property=\"og:type\" content=\"article\" \/>\n<meta property=\"og:title\" content=\"Annuaire des Think Tanks Africains - Institut Afrique Monde\" \/>\n<meta property=\"og:description\" content=\"Depuis 2016, l&#039;Institut Afrique Monde r\u00e9pertorie les laboratoires d\u2019id\u00e9es, centres et instituts de recherche sp\u00e9cialis\u00e9s dans les domaines de la g\u00e9opolitique, de l\u2019\u00e9conomie, du d\u00e9veloppement, de la gouvernance et de la culture, bas\u00e9s sur le continent Africain.\" \/>\n<meta property=\"og:url\" content=\"https:\/\/www.institutafriquemonde.org\/index.php\/etudes\/annuaire-des-think-tanks-africains\/\" \/>\n<meta property=\"og:site_name\" content=\"Institut Afrique Monde\" \/>\n<meta property=\"article:modified_time\" content=\"2021-01-18T13:04:04+00:00\" \/>\n<meta property=\"og:image\" content=\"https:\/\/www.institutafriquemonde.org\/wp-content\/uploads\/2019\/09\/meeting-83519_960_720.jpg\" \/>\n\t<meta property=\"og:image:width\" content=\"960\" \/>\n\t<meta property=\"og:image:height\" content=\"638\" \/>\n\t<meta property=\"og:image:type\" content=\"image\/jpeg\" \/>\n<meta name=\"twitter:card\" content=\"summary_large_image\" \/>\n<meta name=\"twitter:label1\" content=\"Dur\u00e9e de lecture estim\u00e9e\" \/>\n\t<meta name=\"twitter:data1\" content=\"1 minute\" \/>\n<script type=\"application\/ld+json\" class=\"yoast-schema-graph\">{\"@context\":\"https:\/\/schema.org\",\"@graph\":[{\"@type\":\"WebPage\",\"@id\":\"https:\/\/www.institutafriquemonde.org\/index.php\/etudes\/annuaire-des-think-tanks-africains\/\",\"url\":\"https:\/\/www.institutafriquemonde.org\/index.php\/etudes\/annuaire-des-think-tanks-africains\/\",\"name\":\"Annuaire des Think Tanks Africains - Institut Afrique Monde\",\"isPartOf\":{\"@id\":\"https:\/\/www.institutafriquemonde.org\/#website\"},\"primaryImageOfPage\":{\"@id\":\"https:\/\/www.institutafriquemonde.org\/index.php\/etudes\/annuaire-des-think-tanks-africains\/#primaryimage\"},\"image\":{\"@id\":\"https:\/\/www.institutafriquemonde.org\/index.php\/etudes\/annuaire-des-think-tanks-africains\/#primaryimage\"},\"thumbnailUrl\":\"https:\/\/www.institutafriquemonde.org\/wp-content\/uploads\/2019\/09\/meeting-83519_960_720.jpg\",\"datePublished\":\"2019-07-16T21:12:01+00:00\",\"dateModified\":\"2021-01-18T13:04:04+00:00\",\"description\":\"Depuis 2016, l'Institut Afrique Monde r\u00e9pertorie les laboratoires d\u2019id\u00e9es, centres et instituts de recherche sp\u00e9cialis\u00e9s dans les domaines de la g\u00e9opolitique, de l\u2019\u00e9conomie, du d\u00e9veloppement, de la gouvernance et de la culture, bas\u00e9s sur le continent Africain.\",\"breadcrumb\":{\"@id\":\"https:\/\/www.institutafriquemonde.org\/index.php\/etudes\/annuaire-des-think-tanks-africains\/#breadcrumb\"},\"inLanguage\":\"fr-FR\",\"potentialAction\":[{\"@type\":\"ReadAction\",\"target\":[\"https:\/\/www.institutafriquemonde.org\/index.php\/etudes\/annuaire-des-think-tanks-africains\/\"]}]},{\"@type\":\"ImageObject\",\"inLanguage\":\"fr-FR\",\"@id\":\"https:\/\/www.institutafriquemonde.org\/index.php\/etudes\/annuaire-des-think-tanks-africains\/#primaryimage\",\"url\":\"https:\/\/www.institutafriquemonde.org\/wp-content\/uploads\/2019\/09\/meeting-83519_960_720.jpg\",\"contentUrl\":\"https:\/\/www.institutafriquemonde.org\/wp-content\/uploads\/2019\/09\/meeting-83519_960_720.jpg\",\"width\":960,\"height\":638},{\"@type\":\"BreadcrumbList\",\"@id\":\"https:\/\/www.institutafriquemonde.org\/index.php\/etudes\/annuaire-des-think-tanks-africains\/#breadcrumb\",\"itemListElement\":[{\"@type\":\"ListItem\",\"position\":1,\"name\":\"Accueil\",\"item\":\"https:\/\/www.institutafriquemonde.org\/\"},{\"@type\":\"ListItem\",\"position\":2,\"name\":\"\u00c9tudes\",\"item\":\"https:\/\/www.institutafriquemonde.org\/index.php\/etudes\/\"},{\"@type\":\"ListItem\",\"position\":3,\"name\":\"Annuaire des Think Tanks Africains\"}]},{\"@type\":\"WebSite\",\"@id\":\"https:\/\/www.institutafriquemonde.org\/#website\",\"url\":\"https:\/\/www.institutafriquemonde.org\/\",\"name\":\"Institut Afrique Monde\",\"description\":\"&quot;L&#039;audace, unique d\u00e9fi pour une Afrique nouvelle&quot;\",\"publisher\":{\"@id\":\"https:\/\/www.institutafriquemonde.org\/#organization\"},\"potentialAction\":[{\"@type\":\"SearchAction\",\"target\":{\"@type\":\"EntryPoint\",\"urlTemplate\":\"https:\/\/www.institutafriquemonde.org\/?s={search_term_string}\"},\"query-input\":{\"@type\":\"PropertyValueSpecification\",\"valueRequired\":true,\"valueName\":\"search_term_string\"}}],\"inLanguage\":\"fr-FR\"},{\"@type\":\"Organization\",\"@id\":\"https:\/\/www.institutafriquemonde.org\/#organization\",\"name\":\"Institut Afrique Monde\",\"url\":\"https:\/\/www.institutafriquemonde.org\/\",\"logo\":{\"@type\":\"ImageObject\",\"inLanguage\":\"fr-FR\",\"@id\":\"https:\/\/www.institutafriquemonde.org\/#\/schema\/logo\/image\/\",\"url\":\"https:\/\/www.institutafriquemonde.org\/wp-content\/uploads\/2019\/09\/LogoIAM_225x140.png\",\"contentUrl\":\"https:\/\/www.institutafriquemonde.org\/wp-content\/uploads\/2019\/09\/LogoIAM_225x140.png\",\"width\":204,\"height\":140,\"caption\":\"Institut Afrique Monde\"},\"image\":{\"@id\":\"https:\/\/www.institutafriquemonde.org\/#\/schema\/logo\/image\/\"}}]}<\/script>\n<!-- \/ Yoast SEO plugin. -->","yoast_head_json":{"title":"Annuaire des Think Tanks Africains - Institut Afrique Monde","description":"Depuis 2016, l'Institut Afrique Monde r\u00e9pertorie les laboratoires d\u2019id\u00e9es, centres et instituts de recherche sp\u00e9cialis\u00e9s dans les domaines de la g\u00e9opolitique, de l\u2019\u00e9conomie, du d\u00e9veloppement, de la gouvernance et de la culture, bas\u00e9s sur le continent Africain.","robots":{"index":"index","follow":"follow","max-snippet":"max-snippet:-1","max-image-preview":"max-image-preview:large","max-video-preview":"max-video-preview:-1"},"canonical":"https:\/\/www.institutafriquemonde.org\/index.php\/etudes\/annuaire-des-think-tanks-africains\/","og_locale":"fr_FR","og_type":"article","og_title":"Annuaire des Think Tanks Africains - Institut Afrique Monde","og_description":"Depuis 2016, l'Institut Afrique Monde r\u00e9pertorie les laboratoires d\u2019id\u00e9es, centres et instituts de recherche sp\u00e9cialis\u00e9s dans les domaines de la g\u00e9opolitique, de l\u2019\u00e9conomie, du d\u00e9veloppement, de la gouvernance et de la culture, bas\u00e9s sur le continent Africain.","og_url":"https:\/\/www.institutafriquemonde.org\/index.php\/etudes\/annuaire-des-think-tanks-africains\/","og_site_name":"Institut Afrique Monde","article_modified_time":"2021-01-18T13:04:04+00:00","og_image":[{"width":960,"height":638,"url":"https:\/\/www.institutafriquemonde.org\/wp-content\/uploads\/2019\/09\/meeting-83519_960_720.jpg","type":"image\/jpeg"}],"twitter_card":"summary_large_image","twitter_misc":{"Dur\u00e9e de lecture estim\u00e9e":"1 minute"},"schema":{"@context":"https:\/\/schema.org","@graph":[{"@type":"WebPage","@id":"https:\/\/www.institutafriquemonde.org\/index.php\/etudes\/annuaire-des-think-tanks-africains\/","url":"https:\/\/www.institutafriquemonde.org\/index.php\/etudes\/annuaire-des-think-tanks-africains\/","name":"Annuaire des Think Tanks Africains - Institut Afrique Monde","isPartOf":{"@id":"https:\/\/www.institutafriquemonde.org\/#website"},"primaryImageOfPage":{"@id":"https:\/\/www.institutafriquemonde.org\/index.php\/etudes\/annuaire-des-think-tanks-africains\/#primaryimage"},"image":{"@id":"https:\/\/www.institutafriquemonde.org\/index.php\/etudes\/annuaire-des-think-tanks-africains\/#primaryimage"},"thumbnailUrl":"https:\/\/www.institutafriquemonde.org\/wp-content\/uploads\/2019\/09\/meeting-83519_960_720.jpg","datePublished":"2019-07-16T21:12:01+00:00","dateModified":"2021-01-18T13:04:04+00:00","description":"Depuis 2016, l'Institut Afrique Monde r\u00e9pertorie les laboratoires d\u2019id\u00e9es, centres et instituts de recherche sp\u00e9cialis\u00e9s dans les domaines de la g\u00e9opolitique, de l\u2019\u00e9conomie, du d\u00e9veloppement, de la gouvernance et de la culture, bas\u00e9s sur le continent Africain.","breadcrumb":{"@id":"https:\/\/www.institutafriquemonde.org\/index.php\/etudes\/annuaire-des-think-tanks-africains\/#breadcrumb"},"inLanguage":"fr-FR","potentialAction":[{"@type":"ReadAction","target":["https:\/\/www.institutafriquemonde.org\/index.php\/etudes\/annuaire-des-think-tanks-africains\/"]}]},{"@type":"ImageObject","inLanguage":"fr-FR","@id":"https:\/\/www.institutafriquemonde.org\/index.php\/etudes\/annuaire-des-think-tanks-africains\/#primaryimage","url":"https:\/\/www.institutafriquemonde.org\/wp-content\/uploads\/2019\/09\/meeting-83519_960_720.jpg","contentUrl":"https:\/\/www.institutafriquemonde.org\/wp-content\/uploads\/2019\/09\/meeting-83519_960_720.jpg","width":960,"height":638},{"@type":"BreadcrumbList","@id":"https:\/\/www.institutafriquemonde.org\/index.php\/etudes\/annuaire-des-think-tanks-africains\/#breadcrumb","itemListElement":[{"@type":"ListItem","position":1,"name":"Accueil","item":"https:\/\/www.institutafriquemonde.org\/"},{"@type":"ListItem","position":2,"name":"\u00c9tudes","item":"https:\/\/www.institutafriquemonde.org\/index.php\/etudes\/"},{"@type":"ListItem","position":3,"name":"Annuaire des Think Tanks Africains"}]},{"@type":"WebSite","@id":"https:\/\/www.institutafriquemonde.org\/#website","url":"https:\/\/www.institutafriquemonde.org\/","name":"Institut Afrique Monde","description":"&quot;L&#039;audace, unique d\u00e9fi pour une Afrique nouvelle&quot;","publisher":{"@id":"https:\/\/www.institutafriquemonde.org\/#organization"},"potentialAction":[{"@type":"SearchAction","target":{"@type":"EntryPoint","urlTemplate":"https:\/\/www.institutafriquemonde.org\/?s={search_term_string}"},"query-input":{"@type":"PropertyValueSpecification","valueRequired":true,"valueName":"search_term_string"}}],"inLanguage":"fr-FR"},{"@type":"Organization","@id":"https:\/\/www.institutafriquemonde.org\/#organization","name":"Institut Afrique Monde","url":"https:\/\/www.institutafriquemonde.org\/","logo":{"@type":"ImageObject","inLanguage":"fr-FR","@id":"https:\/\/www.institutafriquemonde.org\/#\/schema\/logo\/image\/","url":"https:\/\/www.institutafriquemonde.org\/wp-content\/uploads\/2019\/09\/LogoIAM_225x140.png","contentUrl":"https:\/\/www.institutafriquemonde.org\/wp-content\/uploads\/2019\/09\/LogoIAM_225x140.png","width":204,"height":140,"caption":"Institut Afrique Monde"},"image":{"@id":"https:\/\/www.institutafriquemonde.org\/#\/schema\/logo\/image\/"}}]}},"_links":{"self":[{"href":"https:\/\/www.institutafriquemonde.org\/index.php\/wp-json\/wp\/v2\/pages\/95","targetHints":{"allow":["GET"]}}],"collection":[{"href":"https:\/\/www.institutafriquemonde.org\/index.php\/wp-json\/wp\/v2\/pages"}],"about":[{"href":"https:\/\/www.institutafriquemonde.org\/index.php\/wp-json\/wp\/v2\/types\/page"}],"author":[{"embeddable":true,"href":"https:\/\/www.institutafriquemonde.org\/index.php\/wp-json\/wp\/v2\/users\/1"}],"replies":[{"embeddable":true,"href":"https:\/\/www.institutafriquemonde.org\/index.php\/wp-json\/wp\/v2\/comments?post=95"}],"version-history":[{"count":22,"href":"https:\/\/www.institutafriquemonde.org\/index.php\/wp-json\/wp\/v2\/pages\/95\/revisions"}],"predecessor-version":[{"id":1077,"href":"https:\/\/www.institutafriquemonde.org\/index.php\/wp-json\/wp\/v2\/pages\/95\/revisions\/1077"}],"up":[{"embeddable":true,"href":"https:\/\/www.institutafriquemonde.org\/index.php\/wp-json\/wp\/v2\/pages\/172"}],"wp:featuredmedia":[{"embeddable":true,"href":"https:\/\/www.institutafriquemonde.org\/index.php\/wp-json\/wp\/v2\/media\/232"}],"wp:attachment":[{"href":"https:\/\/www.institutafriquemonde.org\/index.php\/wp-json\/wp\/v2\/media?parent=95"}],"curies":[{"name":"wp","href":"https:\/\/api.w.org\/{rel}","templated":true}]}}